{"id":3418,"date":"2023-07-18T09:05:38","date_gmt":"2023-07-18T09:05:38","guid":{"rendered":"https:\/\/www.tylickiechalupy.eu\/?page_id=3418"},"modified":"2023-07-24T11:10:55","modified_gmt":"2023-07-24T11:10:55","slug":"wyciag-narciarski-tylicz","status":"publish","type":"page","link":"https:\/\/www.tylickiechalupy.eu\/en\/wyciag-narciarski-tylicz\/","title":{"rendered":"Tylicz w zimie &#8211; wyci\u0105gi narciarskie"},"content":{"rendered":"\t\t<div data-elementor-type=\"wp-page\" data-elementor-id=\"3418\" class=\"elementor elementor-3418\">\n\t\t\t\t\t\t<section class=\"elementor-section elementor-top-section elementor-element elementor-element-ed7f959 elementor-section-boxed elementor-section-height-default elementor-section-height-default\" data-id=\"ed7f959\" data-element_type=\"section\">\n\t\t\t\t\t\t<div class=\"elementor-container elementor-column-gap-default\">\n\t\t\t\t\t<div class=\"elementor-column elementor-col-100 elementor-top-column elementor-element elementor-element-1197c13\" data-id=\"1197c13\" data-element_type=\"column\">\n\t\t\t<div class=\"elementor-widget-wrap elementor-element-populated\">\n\t\t\t\t\t\t<div class=\"elementor-element elementor-element-f483957 elementor-widget elementor-widget-heading\" data-id=\"f483957\" data-element_type=\"widget\" data-widget_type=\"heading.default\">\n\t\t\t\t<div class=\"elementor-widget-container\">\n\t\t\t<style>\/*! elementor - v3.23.0 - 05-08-2024 *\/\n.elementor-heading-title{padding:0;margin:0;line-height:1}.elementor-widget-heading .elementor-heading-title[class*=elementor-size-]>a{color:inherit;font-size:inherit;line-height:inherit}.elementor-widget-heading .elementor-heading-title.elementor-size-small{font-size:15px}.elementor-widget-heading .elementor-heading-title.elementor-size-medium{font-size:19px}.elementor-widget-heading .elementor-heading-title.elementor-size-large{font-size:29px}.elementor-widget-heading .elementor-heading-title.elementor-size-xl{font-size:39px}.elementor-widget-heading .elementor-heading-title.elementor-size-xxl{font-size:59px}<\/style><h2 class=\"elementor-heading-title elementor-size-default\">Tylicz zim\u0105 - wyci\u0105gi narciarskie<\/h2>\t\t<\/div>\n\t\t\t\t<\/div>\n\t\t\t\t<div class=\"elementor-element elementor-element-30bdcae elementor-widget elementor-widget-image\" data-id=\"30bdcae\" data-element_type=\"widget\" data-widget_type=\"image.default\">\n\t\t\t\t<div class=\"elementor-widget-container\">\n\t\t\t<style>\/*! elementor - v3.23.0 - 05-08-2024 *\/\n.elementor-widget-image{text-align:center}.elementor-widget-image a{display:inline-block}.elementor-widget-image a img[src$=\".svg\"]{width:48px}.elementor-widget-image img{vertical-align:middle;display:inline-block}<\/style>\t\t\t\t\t\t\t\t\t\t<img fetchpriority=\"high\" decoding=\"async\" width=\"768\" height=\"448\" src=\"https:\/\/www.tylickiechalupy.eu\/wp-content\/uploads\/2023\/07\/wyciag-narciarski-Tylicz-768x448.jpg\" class=\"attachment-medium_large size-medium_large wp-image-4213\" alt=\"\" srcset=\"https:\/\/www.tylickiechalupy.eu\/wp-content\/uploads\/2023\/07\/wyciag-narciarski-Tylicz-768x448.jpg 768w, https:\/\/www.tylickiechalupy.eu\/wp-content\/uploads\/2023\/07\/wyciag-narciarski-Tylicz-300x175.jpg 300w, https:\/\/www.tylickiechalupy.eu\/wp-content\/uploads\/2023\/07\/wyciag-narciarski-Tylicz-1024x597.jpg 1024w, https:\/\/www.tylickiechalupy.eu\/wp-content\/uploads\/2023\/07\/wyciag-narciarski-Tylicz-18x12.jpg 18w, https:\/\/www.tylickiechalupy.eu\/wp-content\/uploads\/2023\/07\/wyciag-narciarski-Tylicz.jpg 1200w\" sizes=\"(max-width: 768px) 100vw, 768px\" \/>\t\t\t\t\t\t\t\t\t\t\t\t\t<\/div>\n\t\t\t\t<\/div>\n\t\t\t\t<div class=\"elementor-element elementor-element-23a1e90 elementor-widget elementor-widget-text-editor\" data-id=\"23a1e90\" data-element_type=\"widget\" data-widget_type=\"text-editor.default\">\n\t\t\t\t<div class=\"elementor-widget-container\">\n\t\t\t<style>\/*! elementor - v3.23.0 - 05-08-2024 *\/\n.elementor-widget-text-editor.elementor-drop-cap-view-stacked .elementor-drop-cap{background-color:#69727d;color:#fff}.elementor-widget-text-editor.elementor-drop-cap-view-framed .elementor-drop-cap{color:#69727d;border:3px solid;background-color:transparent}.elementor-widget-text-editor:not(.elementor-drop-cap-view-default) .elementor-drop-cap{margin-top:8px}.elementor-widget-text-editor:not(.elementor-drop-cap-view-default) .elementor-drop-cap-letter{width:1em;height:1em}.elementor-widget-text-editor .elementor-drop-cap{float:left;text-align:center;line-height:1;font-size:50px}.elementor-widget-text-editor .elementor-drop-cap-letter{display:inline-block}<\/style>\t\t\t\t<p>Nieca\u0142y kilometr od domk\u00f3w zlokalizowany jest wyci\u0105g narciarski Master Ski, a nieco ponad 1,5 km dalej, kolejny wyci\u0105g narciarski Tylicz Ski.<\/p><p><strong>Stacja Narciarska \u201eTylicz\u201d<\/strong> znajduje si\u0119 na granicy Beskidu S\u0105deckiego, w po\u0142udniowo-wschodniej cz\u0119\u015bci Ma\u0142opolski niedaleko Krynicy. Tylicz znajduje si\u0119 na wysoko\u015bci 580 m n.p.m. w dolinie potok\u00f3w Muszynka i Mochnaczka. Tereny narciarskie zlokalizowane s\u0105 na zboczach Bradowca ( 770 m. n.p.m.).<\/p><p>To idealne miejsce do nauki jazdy na nartach i snowboardzie.\u00a0<\/p><p>Trasy narciarskie:<\/p><p>O\u015brodek dysponuje kolej\u0105 krzese\u0142kow\u0105, wyci\u0105gami orczykowymi oraz bezpiecznym, przeznaczonym dla najm\u0142odszych narciarzy, wyci\u0105giem Baby Ski.<\/p><p><strong>SunKid<\/strong> &#8211; to przestronna polana do nauki jazdy na nartach i snowboardzie. Trasy narciarskie Tylicz Ski to idealne miejsce dla zaawansowanych i pocz\u0105tkuj\u0105cych mi\u0142o\u015bnik\u00f3w nart i snowboardu.<\/p><p>\u00a0<\/p><p><strong>Stacja Narciarska Master Ski\u00a0<\/strong><\/p><p>Stacja dysponuje\u00a0<strong>4 oraz 6 osobow\u0105 kolejk\u0105 krzese\u0142kow\u0105<\/strong>\u00a0oraz pi\u0119cioma wyci\u0105gami.<\/p><p>Centrum oferuje \u0142\u0105cznie<strong>\u00a07 km tras<\/strong>\u00a0zjazdowych, w tym dwie\u00a0<strong>najd\u0142u\u017csze nartostrady w Tyliczu.<\/strong><\/p><p>Bez wzgl\u0119du na stopie\u0144 zaawansowania ka\u017cdy znajdzie tutaj co\u015b dla siebie.\u00a0<\/p><p>Trasy narciarskie:<\/p><p><strong>Dla pocz\u0105tkuj\u0105cych &#8211; <\/strong>\u0142agodne stoki, szerokie trasy.<\/p><p><strong>G\u0142\u00f3wna, szeroka trasa<\/strong>\u00a0o r\u00f3wnomiernym nachyleniu dedykowana jest bardziej wymagaj\u0105cym narciarzom, sprzyja je\u017adzie \u201cna kraw\u0119dzi\u201d.<\/p><p><strong>Funpark &#8211; <\/strong>to idealna mo\u017cliwo\u015b\u0107 na niezapomnian\u0105 przeja\u017cd\u017ck\u0119 przez tunel.<\/p><p><strong>Snowpark<\/strong> stworzony specjalnie dla najbardziej odwa\u017cnych snowboardzist\u00f3w.<\/p><p>\u00a0<\/p>\t\t\t\t\t\t<\/div>\n\t\t\t\t<\/div>\n\t\t\t\t\t<\/div>\n\t\t<\/div>\n\t\t\t\t\t<\/div>\n\t\t<\/section>\n\t\t\t\t<\/div>\n\t\t","protected":false},"excerpt":{"rendered":"<p>Tylicz zim\u0105 &#8211; wyci\u0105gi narciarskie Nieca\u0142y kilometr od domk\u00f3w zlokalizowany jest wyci\u0105g narciarski Master Ski, a nieco ponad 1,5 km dalej, kolejny wyci\u0105g narciarski Tylicz Ski. Stacja Narciarska \u201eTylicz\u201d znajduje si\u0119 na granicy Beskidu S\u0105deckiego, w po\u0142udniowo-wschodniej cz\u0119\u015bci Ma\u0142opolski niedaleko Krynicy. Tylicz znajduje si\u0119 na wysoko\u015bci 580 m n.p.m. w dolinie potok\u00f3w Muszynka i Mochnaczka. [&hellip;]<\/p>\n","protected":false},"author":1,"featured_media":0,"parent":0,"menu_order":0,"comment_status":"closed","ping_status":"closed","template":"","meta":{"site-sidebar-layout":"no-sidebar","site-content-layout":"page-builder","ast-site-content-layout":"default","site-content-style":"default","site-sidebar-style":"default","ast-global-header-display":"","ast-banner-title-visibility":"","ast-main-header-display":"","ast-hfb-above-header-display":"","ast-hfb-below-header-display":"","ast-hfb-mobile-header-display":"","site-post-title":"disabled","ast-breadcrumbs-content":"","ast-featured-img":"disabled","footer-sml-layout":"","ast-disable-related-posts":"","theme-transparent-header-meta":"","adv-header-id-meta":"","stick-header-meta":"","header-above-stick-meta":"","header-main-stick-meta":"","header-below-stick-meta":"","astra-migrate-meta-layouts":"default","ast-page-background-enabled":"default","ast-page-background-meta":{"desktop":{"background-color":"","background-image":"","background-repeat":"repeat","background-position":"center center","background-size":"auto","background-attachment":"scroll","background-type":"","background-media":"","overlay-type":"","overlay-color":"","overlay-opacity":"","overlay-gradient":""},"tablet":{"background-color":"","background-image":"","background-repeat":"repeat","background-position":"center center","background-size":"auto","background-attachment":"scroll","background-type":"","background-media":"","overlay-type":"","overlay-color":"","overlay-opacity":"","overlay-gradient":""},"mobile":{"background-color":"","background-image":"","background-repeat":"repeat","background-position":"center center","background-size":"auto","background-attachment":"scroll","background-type":"","background-media":"","overlay-type":"","overlay-color":"","overlay-opacity":"","overlay-gradient":""}},"ast-content-background-meta":{"desktop":{"background-color":"var(--ast-global-color-4)","background-image":"","background-repeat":"repeat","background-position":"center center","background-size":"auto","background-attachment":"scroll","background-type":"","background-media":"","overlay-type":"","overlay-color":"","overlay-opacity":"","overlay-gradient":""},"tablet":{"background-color":"var(--ast-global-color-4)","background-image":"","background-repeat":"repeat","background-position":"center center","background-size":"auto","background-attachment":"scroll","background-type":"","background-media":"","overlay-type":"","overlay-color":"","overlay-opacity":"","overlay-gradient":""},"mobile":{"background-color":"var(--ast-global-color-4)","background-image":"","background-repeat":"repeat","background-position":"center center","background-size":"auto","background-attachment":"scroll","background-type":"","background-media":"","overlay-type":"","overlay-color":"","overlay-opacity":"","overlay-gradient":""}}},"yoast_head":"<!-- This site is optimized with the Yoast SEO plugin v21.8.1 - https:\/\/yoast.com\/wordpress\/plugins\/seo\/ -->\n<title>Tylicz w zimie - wyci\u0105gi narciarskie &#8226; Tylickie Cha\u0142upy<\/title>\n<meta name=\"robots\" content=\"index, follow, max-snippet:-1, max-image-preview:large, max-video-preview:-1\" \/>\n<link rel=\"canonical\" href=\"https:\/\/www.tylickiechalupy.eu\/en\/wyciag-narciarski-tylicz\/\" \/>\n<meta property=\"og:locale\" content=\"en_US\" \/>\n<meta property=\"og:type\" content=\"article\" \/>\n<meta property=\"og:title\" content=\"Tylicz w zimie - wyci\u0105gi narciarskie &#8226; Tylickie Cha\u0142upy\" \/>\n<meta property=\"og:description\" content=\"Tylicz zim\u0105 &#8211; wyci\u0105gi narciarskie Nieca\u0142y kilometr od domk\u00f3w zlokalizowany jest wyci\u0105g narciarski Master Ski, a nieco ponad 1,5 km dalej, kolejny wyci\u0105g narciarski Tylicz Ski. Stacja Narciarska \u201eTylicz\u201d znajduje si\u0119 na granicy Beskidu S\u0105deckiego, w po\u0142udniowo-wschodniej cz\u0119\u015bci Ma\u0142opolski niedaleko Krynicy. Tylicz znajduje si\u0119 na wysoko\u015bci 580 m n.p.m. w dolinie potok\u00f3w Muszynka i Mochnaczka. [&hellip;]\" \/>\n<meta property=\"og:url\" content=\"https:\/\/www.tylickiechalupy.eu\/en\/wyciag-narciarski-tylicz\/\" \/>\n<meta property=\"og:site_name\" content=\"Tylickie Cha\u0142upy\" \/>\n<meta property=\"article:publisher\" content=\"https:\/\/www.facebook.com\/TylickieChalupy\" \/>\n<meta property=\"article:modified_time\" content=\"2023-07-24T11:10:55+00:00\" \/>\n<meta property=\"og:image\" content=\"https:\/\/www.tylickiechalupy.eu\/wp-content\/uploads\/2023\/07\/wyciag-narciarski-Tylicz-768x448.jpg\" \/>\n<meta name=\"twitter:card\" content=\"summary_large_image\" \/>\n<script type=\"application\/ld+json\" class=\"yoast-schema-graph\">{\"@context\":\"https:\/\/schema.org\",\"@graph\":[{\"@type\":\"WebPage\",\"@id\":\"https:\/\/www.tylickiechalupy.eu\/wyciag-narciarski-tylicz\/\",\"url\":\"https:\/\/www.tylickiechalupy.eu\/wyciag-narciarski-tylicz\/\",\"name\":\"Tylicz w zimie - wyci\u0105gi narciarskie &#8226; Tylickie Cha\u0142upy\",\"isPartOf\":{\"@id\":\"https:\/\/www.tylickiechalupy.eu\/#website\"},\"datePublished\":\"2023-07-18T09:05:38+00:00\",\"dateModified\":\"2023-07-24T11:10:55+00:00\",\"breadcrumb\":{\"@id\":\"https:\/\/www.tylickiechalupy.eu\/wyciag-narciarski-tylicz\/#breadcrumb\"},\"inLanguage\":\"en-US\",\"potentialAction\":[{\"@type\":\"ReadAction\",\"target\":[\"https:\/\/www.tylickiechalupy.eu\/wyciag-narciarski-tylicz\/\"]}]},{\"@type\":\"BreadcrumbList\",\"@id\":\"https:\/\/www.tylickiechalupy.eu\/wyciag-narciarski-tylicz\/#breadcrumb\",\"itemListElement\":[{\"@type\":\"ListItem\",\"position\":1,\"name\":\"Strona g\u0142\u00f3wna\",\"item\":\"https:\/\/www.tylickiechalupy.eu\/\"},{\"@type\":\"ListItem\",\"position\":2,\"name\":\"Tylicz w zimie &#8211; wyci\u0105gi narciarskie\"}]},{\"@type\":\"WebSite\",\"@id\":\"https:\/\/www.tylickiechalupy.eu\/#website\",\"url\":\"https:\/\/www.tylickiechalupy.eu\/\",\"name\":\"Tylickie Cha\u0142upy - domki w g\u00f3rach\",\"description\":\"Domki w g&oacute;rach\",\"publisher\":{\"@id\":\"https:\/\/www.tylickiechalupy.eu\/#organization\"},\"potentialAction\":[{\"@type\":\"SearchAction\",\"target\":{\"@type\":\"EntryPoint\",\"urlTemplate\":\"https:\/\/www.tylickiechalupy.eu\/?s={search_term_string}\"},\"query-input\":\"required name=search_term_string\"}],\"inLanguage\":\"en-US\"},{\"@type\":\"Organization\",\"@id\":\"https:\/\/www.tylickiechalupy.eu\/#organization\",\"name\":\"Tylickie Cha\u0142upy\",\"alternateName\":\"Noclegi Tylicz\",\"url\":\"https:\/\/www.tylickiechalupy.eu\/\",\"logo\":{\"@type\":\"ImageObject\",\"inLanguage\":\"en-US\",\"@id\":\"https:\/\/www.tylickiechalupy.eu\/#\/schema\/logo\/image\/\",\"url\":\"https:\/\/www.tylickiechalupy.eu\/wp-content\/uploads\/2023\/07\/tylickie-chaupy-logo-PNG-\u2014-kopia-1.png\",\"contentUrl\":\"https:\/\/www.tylickiechalupy.eu\/wp-content\/uploads\/2023\/07\/tylickie-chaupy-logo-PNG-\u2014-kopia-1.png\",\"width\":2560,\"height\":1810,\"caption\":\"Tylickie Cha\u0142upy\"},\"image\":{\"@id\":\"https:\/\/www.tylickiechalupy.eu\/#\/schema\/logo\/image\/\"},\"sameAs\":[\"https:\/\/www.facebook.com\/TylickieChalupy\",\"https:\/\/www.instagram.com\/tylickie_chalupy\/\"]}]}<\/script>\n<!-- \/ Yoast SEO plugin. -->","yoast_head_json":{"title":"Tylicz w zimie - wyci\u0105gi narciarskie &#8226; Tylickie Cha\u0142upy","robots":{"index":"index","follow":"follow","max-snippet":"max-snippet:-1","max-image-preview":"max-image-preview:large","max-video-preview":"max-video-preview:-1"},"canonical":"https:\/\/www.tylickiechalupy.eu\/en\/wyciag-narciarski-tylicz\/","og_locale":"en_US","og_type":"article","og_title":"Tylicz w zimie - wyci\u0105gi narciarskie &#8226; Tylickie Cha\u0142upy","og_description":"Tylicz zim\u0105 &#8211; wyci\u0105gi narciarskie Nieca\u0142y kilometr od domk\u00f3w zlokalizowany jest wyci\u0105g narciarski Master Ski, a nieco ponad 1,5 km dalej, kolejny wyci\u0105g narciarski Tylicz Ski. Stacja Narciarska \u201eTylicz\u201d znajduje si\u0119 na granicy Beskidu S\u0105deckiego, w po\u0142udniowo-wschodniej cz\u0119\u015bci Ma\u0142opolski niedaleko Krynicy. Tylicz znajduje si\u0119 na wysoko\u015bci 580 m n.p.m. w dolinie potok\u00f3w Muszynka i Mochnaczka. [&hellip;]","og_url":"https:\/\/www.tylickiechalupy.eu\/en\/wyciag-narciarski-tylicz\/","og_site_name":"Tylickie Cha\u0142upy","article_publisher":"https:\/\/www.facebook.com\/TylickieChalupy","article_modified_time":"2023-07-24T11:10:55+00:00","og_image":[{"url":"https:\/\/www.tylickiechalupy.eu\/wp-content\/uploads\/2023\/07\/wyciag-narciarski-Tylicz-768x448.jpg"}],"twitter_card":"summary_large_image","schema":{"@context":"https:\/\/schema.org","@graph":[{"@type":"WebPage","@id":"https:\/\/www.tylickiechalupy.eu\/wyciag-narciarski-tylicz\/","url":"https:\/\/www.tylickiechalupy.eu\/wyciag-narciarski-tylicz\/","name":"Tylicz w zimie - wyci\u0105gi narciarskie &#8226; Tylickie Cha\u0142upy","isPartOf":{"@id":"https:\/\/www.tylickiechalupy.eu\/#website"},"datePublished":"2023-07-18T09:05:38+00:00","dateModified":"2023-07-24T11:10:55+00:00","breadcrumb":{"@id":"https:\/\/www.tylickiechalupy.eu\/wyciag-narciarski-tylicz\/#breadcrumb"},"inLanguage":"en-US","potentialAction":[{"@type":"ReadAction","target":["https:\/\/www.tylickiechalupy.eu\/wyciag-narciarski-tylicz\/"]}]},{"@type":"BreadcrumbList","@id":"https:\/\/www.tylickiechalupy.eu\/wyciag-narciarski-tylicz\/#breadcrumb","itemListElement":[{"@type":"ListItem","position":1,"name":"Strona g\u0142\u00f3wna","item":"https:\/\/www.tylickiechalupy.eu\/"},{"@type":"ListItem","position":2,"name":"Tylicz w zimie &#8211; wyci\u0105gi narciarskie"}]},{"@type":"WebSite","@id":"https:\/\/www.tylickiechalupy.eu\/#website","url":"https:\/\/www.tylickiechalupy.eu\/","name":"Tylickie Cha\u0142upy - domki w g\u00f3rach","description":"Domki w g&oacute;rach","publisher":{"@id":"https:\/\/www.tylickiechalupy.eu\/#organization"},"potentialAction":[{"@type":"SearchAction","target":{"@type":"EntryPoint","urlTemplate":"https:\/\/www.tylickiechalupy.eu\/?s={search_term_string}"},"query-input":"required name=search_term_string"}],"inLanguage":"en-US"},{"@type":"Organization","@id":"https:\/\/www.tylickiechalupy.eu\/#organization","name":"Tylickie Cha\u0142upy","alternateName":"Noclegi Tylicz","url":"https:\/\/www.tylickiechalupy.eu\/","logo":{"@type":"ImageObject","inLanguage":"en-US","@id":"https:\/\/www.tylickiechalupy.eu\/#\/schema\/logo\/image\/","url":"https:\/\/www.tylickiechalupy.eu\/wp-content\/uploads\/2023\/07\/tylickie-chaupy-logo-PNG-\u2014-kopia-1.png","contentUrl":"https:\/\/www.tylickiechalupy.eu\/wp-content\/uploads\/2023\/07\/tylickie-chaupy-logo-PNG-\u2014-kopia-1.png","width":2560,"height":1810,"caption":"Tylickie Cha\u0142upy"},"image":{"@id":"https:\/\/www.tylickiechalupy.eu\/#\/schema\/logo\/image\/"},"sameAs":["https:\/\/www.facebook.com\/TylickieChalupy","https:\/\/www.instagram.com\/tylickie_chalupy\/"]}]}},"_links":{"self":[{"href":"https:\/\/www.tylickiechalupy.eu\/en\/wp-json\/wp\/v2\/pages\/3418"}],"collection":[{"href":"https:\/\/www.tylickiechalupy.eu\/en\/wp-json\/wp\/v2\/pages"}],"about":[{"href":"https:\/\/www.tylickiechalupy.eu\/en\/wp-json\/wp\/v2\/types\/page"}],"author":[{"embeddable":true,"href":"https:\/\/www.tylickiechalupy.eu\/en\/wp-json\/wp\/v2\/users\/1"}],"replies":[{"embeddable":true,"href":"https:\/\/www.tylickiechalupy.eu\/en\/wp-json\/wp\/v2\/comments?post=3418"}],"version-history":[{"count":26,"href":"https:\/\/www.tylickiechalupy.eu\/en\/wp-json\/wp\/v2\/pages\/3418\/revisions"}],"predecessor-version":[{"id":4439,"href":"https:\/\/www.tylickiechalupy.eu\/en\/wp-json\/wp\/v2\/pages\/3418\/revisions\/4439"}],"wp:attachment":[{"href":"https:\/\/www.tylickiechalupy.eu\/en\/wp-json\/wp\/v2\/media?parent=3418"}],"curies":[{"name":"wp","href":"https:\/\/api.w.org\/{rel}","templated":true}]}}