{"id":3406,"date":"2023-07-18T09:01:36","date_gmt":"2023-07-18T09:01:36","guid":{"rendered":"https:\/\/www.tylickiechalupy.eu\/?page_id=3406"},"modified":"2023-07-23T15:29:49","modified_gmt":"2023-07-23T15:29:49","slug":"pijalnie-wod-w-tyliczu","status":"publish","type":"page","link":"https:\/\/www.tylickiechalupy.eu\/en\/pijalnie-wod-w-tyliczu\/","title":{"rendered":"Pump rooms in Tylicz"},"content":{"rendered":"\t\t<div data-elementor-type=\"wp-page\" data-elementor-id=\"3406\" class=\"elementor elementor-3406\">\n\t\t\t\t\t\t<section class=\"elementor-section elementor-top-section elementor-element elementor-element-9354564 elementor-section-boxed elementor-section-height-default elementor-section-height-default\" data-id=\"9354564\" data-element_type=\"section\">\n\t\t\t\t\t\t<div class=\"elementor-container elementor-column-gap-default\">\n\t\t\t\t\t<div class=\"elementor-column elementor-col-100 elementor-top-column elementor-element elementor-element-af6ba80\" data-id=\"af6ba80\" data-element_type=\"column\">\n\t\t\t<div class=\"elementor-widget-wrap elementor-element-populated\">\n\t\t\t\t\t\t<div class=\"elementor-element elementor-element-59f6fe8 elementor-widget elementor-widget-heading\" data-id=\"59f6fe8\" data-element_type=\"widget\" data-widget_type=\"heading.default\">\n\t\t\t\t<div class=\"elementor-widget-container\">\n\t\t\t<style>\/*! elementor - v3.23.0 - 05-08-2024 *\/\n.elementor-heading-title{padding:0;margin:0;line-height:1}.elementor-widget-heading .elementor-heading-title[class*=elementor-size-]>a{color:inherit;font-size:inherit;line-height:inherit}.elementor-widget-heading .elementor-heading-title.elementor-size-small{font-size:15px}.elementor-widget-heading .elementor-heading-title.elementor-size-medium{font-size:19px}.elementor-widget-heading .elementor-heading-title.elementor-size-large{font-size:29px}.elementor-widget-heading .elementor-heading-title.elementor-size-xl{font-size:39px}.elementor-widget-heading .elementor-heading-title.elementor-size-xxl{font-size:59px}<\/style><h2 class=\"elementor-heading-title elementor-size-default\">Pijalnie w\u00f3d w Tyliczu<\/h2>\t\t<\/div>\n\t\t\t\t<\/div>\n\t\t\t\t<div class=\"elementor-element elementor-element-e687292 elementor-widget elementor-widget-image\" data-id=\"e687292\" data-element_type=\"widget\" data-widget_type=\"image.default\">\n\t\t\t\t<div class=\"elementor-widget-container\">\n\t\t\t<style>\/*! elementor - v3.23.0 - 05-08-2024 *\/\n.elementor-widget-image{text-align:center}.elementor-widget-image a{display:inline-block}.elementor-widget-image a img[src$=\".svg\"]{width:48px}.elementor-widget-image img{vertical-align:middle;display:inline-block}<\/style>\t\t\t\t\t\t\t\t\t\t<img fetchpriority=\"high\" decoding=\"async\" width=\"768\" height=\"448\" src=\"https:\/\/www.tylickiechalupy.eu\/wp-content\/uploads\/2023\/07\/pijalnia-wod-mineralnych-Tylicz-768x448.jpg\" class=\"attachment-medium_large size-medium_large wp-image-4211\" alt=\"\" srcset=\"https:\/\/www.tylickiechalupy.eu\/wp-content\/uploads\/2023\/07\/pijalnia-wod-mineralnych-Tylicz-768x448.jpg 768w, https:\/\/www.tylickiechalupy.eu\/wp-content\/uploads\/2023\/07\/pijalnia-wod-mineralnych-Tylicz-300x175.jpg 300w, https:\/\/www.tylickiechalupy.eu\/wp-content\/uploads\/2023\/07\/pijalnia-wod-mineralnych-Tylicz-1024x597.jpg 1024w, https:\/\/www.tylickiechalupy.eu\/wp-content\/uploads\/2023\/07\/pijalnia-wod-mineralnych-Tylicz-18x12.jpg 18w, https:\/\/www.tylickiechalupy.eu\/wp-content\/uploads\/2023\/07\/pijalnia-wod-mineralnych-Tylicz.jpg 1200w\" sizes=\"(max-width: 768px) 100vw, 768px\" \/>\t\t\t\t\t\t\t\t\t\t\t\t\t<\/div>\n\t\t\t\t<\/div>\n\t\t\t\t<div class=\"elementor-element elementor-element-e274d28 elementor-widget elementor-widget-text-editor\" data-id=\"e274d28\" data-element_type=\"widget\" data-widget_type=\"text-editor.default\">\n\t\t\t\t<div class=\"elementor-widget-container\">\n\t\t\t<style>\/*! elementor - v3.23.0 - 05-08-2024 *\/\n.elementor-widget-text-editor.elementor-drop-cap-view-stacked .elementor-drop-cap{background-color:#69727d;color:#fff}.elementor-widget-text-editor.elementor-drop-cap-view-framed .elementor-drop-cap{color:#69727d;border:3px solid;background-color:transparent}.elementor-widget-text-editor:not(.elementor-drop-cap-view-default) .elementor-drop-cap{margin-top:8px}.elementor-widget-text-editor:not(.elementor-drop-cap-view-default) .elementor-drop-cap-letter{width:1em;height:1em}.elementor-widget-text-editor .elementor-drop-cap{float:left;text-align:center;line-height:1;font-size:50px}.elementor-widget-text-editor .elementor-drop-cap-letter{display:inline-block}<\/style>\t\t\t\t<p>Tylicz to obszar obfituj\u0105cy w unikalne <strong>wody mineralne i lecznicze<\/strong>, oraz ekshalacje dwutlenku w\u0119gla. Ju\u017c od setek lat miejscowa ludno\u015b\u0107 korzysta\u0142a z dobrodziejstw tutejszych \u017ar\u00f3de\u0142 szczaw, jednak dopiero w 1836 r. geolog L. Zejszner opisa\u0142 te zjawiska.<\/p><p>\u0179r\u00f3d\u0142a, wysi\u0119ki i wycieki w\u00f3d mineralnych, a tak\u017ce\u00a0 ekshalacje CO2 znajduj\u0105 si\u0119 w dolinach potok\u00f3w Muszynka, Bradowiec oraz Syhowny. Tylicz mo\u017ce poszczyci\u0107 si\u0119 35 \u017ar\u00f3d\u0142ami szczaw i w\u00f3d kwasow\u0119glowych. Co wyr\u00f3\u017cnia te wody? Oto kluczowe cechy: r\u00f3\u017cnorodna mineralizacja, zr\u00f3\u017cnicowany typ hydrochemiczny, obecno\u015b\u0107 jonu wodorow\u0119glanowego (HCO3-) jako g\u0142\u00f3wnego anionu, a tak\u017ce jon\u00f3w wapniowego (Ca2+), magnezowego (Mg2+) i czasami sodowego (Na+) jako g\u0142\u00f3wnych kation\u00f3w. Wody te wyr\u00f3\u017cnia tak\u017ce znaczna zawarto\u015b\u0107 CO2.<\/p><p>Jednym z najwa\u017cniejszych \u017ar\u00f3de\u0142 w Tyliczu jest <strong>&#8222;Zdr\u00f3j G\u0142\u00f3wny&#8221;<\/strong> znany r\u00f3wnie\u017c jako &#8222;Tyliczanka&#8221;. Zlokalizowany jest w urokliwym <strong>Parku Zdrojowym<\/strong> i towarzyszy mu wiele legend i przekaz\u00f3w. Karawany kupieckie niegdy\u015b zatrzymywa\u0142y si\u0119 przy tym \u017ar\u00f3dle w drodze z W\u0119gier do S\u0105cza i Krakowa. Podobno woda ta by\u0142a podawana na ucztach u s\u0142ynnego <strong>Wierzynka<\/strong>. Wzmianki o wodach z Tylicza mo\u017cna znale\u017a\u0107 ju\u017c w kronikach krakowskich z XIX wieku, a samo \u017ar\u00f3d\u0142o wymienione jest po raz pierwszy w <strong>Ksi\u0119dze Miastka Tylicza<\/strong> z 1753 r.<\/p><p>Typ wody Zdroju G\u0142\u00f3wnego: 0,30% HCO3 -Ca- Mg, CO2, Fe.<\/p><p>Kolejnym interesuj\u0105cym \u017ar\u00f3d\u0142em jest &#8222;T 7 Bradowiec&#8221;, cz\u0119sto nazywane <a href=\"\/zrodlo-milosci-w-tyliczu\" target=\"_blank\" rel=\"noopener\"><strong>&#8222;\u0179r\u00f3de\u0142kiem Mi\u0142o\u015bci&#8221;<\/strong><\/a>. Po\u0142o\u017cone jest nieopodal <strong>potoku Bradowiec<\/strong> i jest drugie pod wzgl\u0119dem wydajno\u015bci w Tyliczu. Woda tego \u017ar\u00f3d\u0142a przypomina smakiem i sk\u0142adem t\u0119 znad &#8222;Zdroju G\u0142\u00f3wnego&#8221; oraz potocznie nazywana jest &#8222;szczaw\u0105&#8221;.\u00a0<\/p><p>Typ wody \u0179r\u00f3d\u0142a T 7: 0,31% HCO3 -Ca- Mg, CO2.<\/p><p>Nie mo\u017cna pomin\u0105\u0107 r\u00f3wnie\u017c <strong>T 11 \u0179r\u00f3de\u0142ka W\u0119drowc\u00f3w<\/strong>, kt\u00f3re jest uj\u0119te w betonow\u0105 cembrowin\u0119 i wyp\u0142ywa tu\u017c przy drodze Tylicz\u2013Powro\u017anik. To jedno z urokliwych miejsc na trasie wycieczek. Podobnie jak przy innych \u017ar\u00f3d\u0142ach w okolicy, tak\u017ce tutaj wyst\u0119puj\u0105 wysi\u0119ki szczaw i ekshalacje dwutlenku w\u0119gla. Przy \u017ar\u00f3dle znajduje si\u0119 r\u00f3wnie\u017c<strong>\u00a0mapa \u015bcie\u017cki edukacyjnej \u201eNa Rakowsku\u201d<\/strong>.\u00a0<\/p><p>Typ wody \u0179r\u00f3d\u0142a T 11: 0,31% HCO3-Ca-Mg, CO2.<\/p><p>Warto r\u00f3wnie\u017c odwiedzi\u0107 \u0179r\u00f3d\u0142o T-21 <strong>&#8222;Syhowne&#8221;<\/strong>. Jest to szczawa uj\u0119ta drewnian\u0105 obudow\u0105 i wyp\u0142ywa na prawym brzegu <strong>potoku Syhowny<\/strong>. Zlokalizowane jest oko\u0142o 550 m od drogi Tylicz\u2013Powro\u017anik, w pobli\u017cu Osady Turystycznej <strong>&#8222;Domki w lesie&#8221;<\/strong>. Przy \u017ar\u00f3dle znajduje si\u0119 r\u00f3wnie\u017c mapa \u015bcie\u017cki edukacyjnej &#8222;Na Rakowsku&#8221;.<\/p><p>Dodatkow\u0105 atrakcj\u0105 jest <strong>Mofeta Tylicz<\/strong>, unikalne zjawisko przyrodnicze, kt\u00f3re jest efektem dzia\u0142alno\u015bci wulkanicznej w Karpatach sprzed 50-60 milion\u00f3w lat. To naturalne <strong>wyziewy dwutlenku w\u0119gla<\/strong>, kt\u00f3re mo\u017cna podziwia\u0107 na terenie Osady Turystycznej &#8222;Domki w lesie&#8221;. Mofeta zachwyca turyst\u00f3w swoim niezwyk\u0142ym pochodzeniem i ciekawym oddzia\u0142ywaniem na \u015brodowisko.<\/p><p class=\"color-4\"><strong>Wody mineralne\u00a0 udost\u0119pnione do picia :<\/strong><\/p><p class=\"color-4\"><strong>&#8211; Pijalnia Tyliczanka (Zdr\u00f3j G\u0142\u00f3wny) w Parku Zdrojowym w Tyliczu\/ przy ul. Konf. Barskich<\/strong><\/p><p class=\"color-4\"><strong>&#8211; Pijalnia Bradowiec (\u017ar\u00f3d\u0142o T 7, zwane Zdrojem Mi\u0142o\u015bci)\/ doj\u015bcie od ul. Wolno\u015bci<br \/><\/strong><\/p><p class=\"color-4\"><strong>&#8211; \u0179r\u00f3d\u0142o Syhowne\/ doj\u015bcie od ul. Wolno\u015bci<br \/><\/strong><\/p><p class=\"color-4\"><strong>&#8211; \u0179r\u00f3d\u0142o nr 21\u00a0 \/przy \u015bcie\u017cce edukacyjnej \u201eNa Rakowsku\u201d przy ul. Wolno\u015bci<\/strong><\/p>\t\t\t\t\t\t<\/div>\n\t\t\t\t<\/div>\n\t\t\t\t\t<\/div>\n\t\t<\/div>\n\t\t\t\t\t<\/div>\n\t\t<\/section>\n\t\t\t\t<\/div>\n\t\t","protected":false},"excerpt":{"rendered":"<p>Pijalnie w\u00f3d w Tyliczu Tylicz to obszar obfituj\u0105cy w unikalne wody mineralne i lecznicze, oraz ekshalacje dwutlenku w\u0119gla. Ju\u017c od setek lat miejscowa ludno\u015b\u0107 korzysta\u0142a z dobrodziejstw tutejszych \u017ar\u00f3de\u0142 szczaw, jednak dopiero w 1836 r. geolog L. Zejszner opisa\u0142 te zjawiska. \u0179r\u00f3d\u0142a, wysi\u0119ki i wycieki w\u00f3d mineralnych, a tak\u017ce\u00a0 ekshalacje CO2 znajduj\u0105 si\u0119 w dolinach [&hellip;]<\/p>\n","protected":false},"author":1,"featured_media":0,"parent":0,"menu_order":0,"comment_status":"closed","ping_status":"closed","template":"","meta":{"site-sidebar-layout":"no-sidebar","site-content-layout":"page-builder","ast-site-content-layout":"default","site-content-style":"default","site-sidebar-style":"default","ast-global-header-display":"","ast-banner-title-visibility":"","ast-main-header-display":"","ast-hfb-above-header-display":"","ast-hfb-below-header-display":"","ast-hfb-mobile-header-display":"","site-post-title":"disabled","ast-breadcrumbs-content":"","ast-featured-img":"disabled","footer-sml-layout":"","ast-disable-related-posts":"","theme-transparent-header-meta":"","adv-header-id-meta":"","stick-header-meta":"","header-above-stick-meta":"","header-main-stick-meta":"","header-below-stick-meta":"","astra-migrate-meta-layouts":"default","ast-page-background-enabled":"default","ast-page-background-meta":{"desktop":{"background-color":"","background-image":"","background-repeat":"repeat","background-position":"center center","background-size":"auto","background-attachment":"scroll","background-type":"","background-media":"","overlay-type":"","overlay-color":"","overlay-opacity":"","overlay-gradient":""},"tablet":{"background-color":"","background-image":"","background-repeat":"repeat","background-position":"center center","background-size":"auto","background-attachment":"scroll","background-type":"","background-media":"","overlay-type":"","overlay-color":"","overlay-opacity":"","overlay-gradient":""},"mobile":{"background-color":"","background-image":"","background-repeat":"repeat","background-position":"center center","background-size":"auto","background-attachment":"scroll","background-type":"","background-media":"","overlay-type":"","overlay-color":"","overlay-opacity":"","overlay-gradient":""}},"ast-content-background-meta":{"desktop":{"background-color":"var(--ast-global-color-4)","background-image":"","background-repeat":"repeat","background-position":"center center","background-size":"auto","background-attachment":"scroll","background-type":"","background-media":"","overlay-type":"","overlay-color":"","overlay-opacity":"","overlay-gradient":""},"tablet":{"background-color":"var(--ast-global-color-4)","background-image":"","background-repeat":"repeat","background-position":"center center","background-size":"auto","background-attachment":"scroll","background-type":"","background-media":"","overlay-type":"","overlay-color":"","overlay-opacity":"","overlay-gradient":""},"mobile":{"background-color":"var(--ast-global-color-4)","background-image":"","background-repeat":"repeat","background-position":"center center","background-size":"auto","background-attachment":"scroll","background-type":"","background-media":"","overlay-type":"","overlay-color":"","overlay-opacity":"","overlay-gradient":""}}},"yoast_head":"<!-- This site is optimized with the Yoast SEO plugin v21.8.1 - https:\/\/yoast.com\/wordpress\/plugins\/seo\/ -->\n<title>Pijalnie w\u00f3d w Tyliczu &#8226; Tylickie Cha\u0142upy<\/title>\n<meta name=\"robots\" content=\"index, follow, max-snippet:-1, max-image-preview:large, max-video-preview:-1\" \/>\n<link rel=\"canonical\" href=\"https:\/\/www.tylickiechalupy.eu\/en\/pijalnie-wod-w-tyliczu\/\" \/>\n<meta property=\"og:locale\" content=\"en_US\" \/>\n<meta property=\"og:type\" content=\"article\" \/>\n<meta property=\"og:title\" content=\"Pijalnie w\u00f3d w Tyliczu &#8226; Tylickie Cha\u0142upy\" \/>\n<meta property=\"og:description\" content=\"Pijalnie w\u00f3d w Tyliczu Tylicz to obszar obfituj\u0105cy w unikalne wody mineralne i lecznicze, oraz ekshalacje dwutlenku w\u0119gla. Ju\u017c od setek lat miejscowa ludno\u015b\u0107 korzysta\u0142a z dobrodziejstw tutejszych \u017ar\u00f3de\u0142 szczaw, jednak dopiero w 1836 r. geolog L. Zejszner opisa\u0142 te zjawiska. \u0179r\u00f3d\u0142a, wysi\u0119ki i wycieki w\u00f3d mineralnych, a tak\u017ce\u00a0 ekshalacje CO2 znajduj\u0105 si\u0119 w dolinach [&hellip;]\" \/>\n<meta property=\"og:url\" content=\"https:\/\/www.tylickiechalupy.eu\/en\/pijalnie-wod-w-tyliczu\/\" \/>\n<meta property=\"og:site_name\" content=\"Tylickie Cha\u0142upy\" \/>\n<meta property=\"article:publisher\" content=\"https:\/\/www.facebook.com\/TylickieChalupy\" \/>\n<meta property=\"article:modified_time\" content=\"2023-07-23T15:29:49+00:00\" \/>\n<meta property=\"og:image\" content=\"https:\/\/www.tylickiechalupy.eu\/wp-content\/uploads\/2023\/07\/pijalnia-wod-mineralnych-Tylicz-768x448.jpg\" \/>\n<meta name=\"twitter:card\" content=\"summary_large_image\" \/>\n<script type=\"application\/ld+json\" class=\"yoast-schema-graph\">{\"@context\":\"https:\/\/schema.org\",\"@graph\":[{\"@type\":\"WebPage\",\"@id\":\"https:\/\/www.tylickiechalupy.eu\/pijalnie-wod-w-tyliczu\/\",\"url\":\"https:\/\/www.tylickiechalupy.eu\/pijalnie-wod-w-tyliczu\/\",\"name\":\"Pijalnie w\u00f3d w Tyliczu &#8226; Tylickie Cha\u0142upy\",\"isPartOf\":{\"@id\":\"https:\/\/www.tylickiechalupy.eu\/#website\"},\"datePublished\":\"2023-07-18T09:01:36+00:00\",\"dateModified\":\"2023-07-23T15:29:49+00:00\",\"breadcrumb\":{\"@id\":\"https:\/\/www.tylickiechalupy.eu\/pijalnie-wod-w-tyliczu\/#breadcrumb\"},\"inLanguage\":\"en-US\",\"potentialAction\":[{\"@type\":\"ReadAction\",\"target\":[\"https:\/\/www.tylickiechalupy.eu\/pijalnie-wod-w-tyliczu\/\"]}]},{\"@type\":\"BreadcrumbList\",\"@id\":\"https:\/\/www.tylickiechalupy.eu\/pijalnie-wod-w-tyliczu\/#breadcrumb\",\"itemListElement\":[{\"@type\":\"ListItem\",\"position\":1,\"name\":\"Strona g\u0142\u00f3wna\",\"item\":\"https:\/\/www.tylickiechalupy.eu\/\"},{\"@type\":\"ListItem\",\"position\":2,\"name\":\"Pijalnie w\u00f3d w Tyliczu\"}]},{\"@type\":\"WebSite\",\"@id\":\"https:\/\/www.tylickiechalupy.eu\/#website\",\"url\":\"https:\/\/www.tylickiechalupy.eu\/\",\"name\":\"Tylickie Cha\u0142upy - domki w g\u00f3rach\",\"description\":\"Domki w g&oacute;rach\",\"publisher\":{\"@id\":\"https:\/\/www.tylickiechalupy.eu\/#organization\"},\"potentialAction\":[{\"@type\":\"SearchAction\",\"target\":{\"@type\":\"EntryPoint\",\"urlTemplate\":\"https:\/\/www.tylickiechalupy.eu\/?s={search_term_string}\"},\"query-input\":\"required name=search_term_string\"}],\"inLanguage\":\"en-US\"},{\"@type\":\"Organization\",\"@id\":\"https:\/\/www.tylickiechalupy.eu\/#organization\",\"name\":\"Tylickie Cha\u0142upy\",\"alternateName\":\"Noclegi Tylicz\",\"url\":\"https:\/\/www.tylickiechalupy.eu\/\",\"logo\":{\"@type\":\"ImageObject\",\"inLanguage\":\"en-US\",\"@id\":\"https:\/\/www.tylickiechalupy.eu\/#\/schema\/logo\/image\/\",\"url\":\"https:\/\/www.tylickiechalupy.eu\/wp-content\/uploads\/2023\/07\/tylickie-chaupy-logo-PNG-\u2014-kopia-1.png\",\"contentUrl\":\"https:\/\/www.tylickiechalupy.eu\/wp-content\/uploads\/2023\/07\/tylickie-chaupy-logo-PNG-\u2014-kopia-1.png\",\"width\":2560,\"height\":1810,\"caption\":\"Tylickie Cha\u0142upy\"},\"image\":{\"@id\":\"https:\/\/www.tylickiechalupy.eu\/#\/schema\/logo\/image\/\"},\"sameAs\":[\"https:\/\/www.facebook.com\/TylickieChalupy\",\"https:\/\/www.instagram.com\/tylickie_chalupy\/\"]}]}<\/script>\n<!-- \/ Yoast SEO plugin. -->","yoast_head_json":{"title":"Pijalnie w\u00f3d w Tyliczu &#8226; Tylickie Cha\u0142upy","robots":{"index":"index","follow":"follow","max-snippet":"max-snippet:-1","max-image-preview":"max-image-preview:large","max-video-preview":"max-video-preview:-1"},"canonical":"https:\/\/www.tylickiechalupy.eu\/en\/pijalnie-wod-w-tyliczu\/","og_locale":"en_US","og_type":"article","og_title":"Pijalnie w\u00f3d w Tyliczu &#8226; Tylickie Cha\u0142upy","og_description":"Pijalnie w\u00f3d w Tyliczu Tylicz to obszar obfituj\u0105cy w unikalne wody mineralne i lecznicze, oraz ekshalacje dwutlenku w\u0119gla. Ju\u017c od setek lat miejscowa ludno\u015b\u0107 korzysta\u0142a z dobrodziejstw tutejszych \u017ar\u00f3de\u0142 szczaw, jednak dopiero w 1836 r. geolog L. Zejszner opisa\u0142 te zjawiska. \u0179r\u00f3d\u0142a, wysi\u0119ki i wycieki w\u00f3d mineralnych, a tak\u017ce\u00a0 ekshalacje CO2 znajduj\u0105 si\u0119 w dolinach [&hellip;]","og_url":"https:\/\/www.tylickiechalupy.eu\/en\/pijalnie-wod-w-tyliczu\/","og_site_name":"Tylickie Cha\u0142upy","article_publisher":"https:\/\/www.facebook.com\/TylickieChalupy","article_modified_time":"2023-07-23T15:29:49+00:00","og_image":[{"url":"https:\/\/www.tylickiechalupy.eu\/wp-content\/uploads\/2023\/07\/pijalnia-wod-mineralnych-Tylicz-768x448.jpg"}],"twitter_card":"summary_large_image","schema":{"@context":"https:\/\/schema.org","@graph":[{"@type":"WebPage","@id":"https:\/\/www.tylickiechalupy.eu\/pijalnie-wod-w-tyliczu\/","url":"https:\/\/www.tylickiechalupy.eu\/pijalnie-wod-w-tyliczu\/","name":"Pijalnie w\u00f3d w Tyliczu &#8226; Tylickie Cha\u0142upy","isPartOf":{"@id":"https:\/\/www.tylickiechalupy.eu\/#website"},"datePublished":"2023-07-18T09:01:36+00:00","dateModified":"2023-07-23T15:29:49+00:00","breadcrumb":{"@id":"https:\/\/www.tylickiechalupy.eu\/pijalnie-wod-w-tyliczu\/#breadcrumb"},"inLanguage":"en-US","potentialAction":[{"@type":"ReadAction","target":["https:\/\/www.tylickiechalupy.eu\/pijalnie-wod-w-tyliczu\/"]}]},{"@type":"BreadcrumbList","@id":"https:\/\/www.tylickiechalupy.eu\/pijalnie-wod-w-tyliczu\/#breadcrumb","itemListElement":[{"@type":"ListItem","position":1,"name":"Strona g\u0142\u00f3wna","item":"https:\/\/www.tylickiechalupy.eu\/"},{"@type":"ListItem","position":2,"name":"Pijalnie w\u00f3d w Tyliczu"}]},{"@type":"WebSite","@id":"https:\/\/www.tylickiechalupy.eu\/#website","url":"https:\/\/www.tylickiechalupy.eu\/","name":"Tylickie Cha\u0142upy - domki w g\u00f3rach","description":"Domki w g&oacute;rach","publisher":{"@id":"https:\/\/www.tylickiechalupy.eu\/#organization"},"potentialAction":[{"@type":"SearchAction","target":{"@type":"EntryPoint","urlTemplate":"https:\/\/www.tylickiechalupy.eu\/?s={search_term_string}"},"query-input":"required name=search_term_string"}],"inLanguage":"en-US"},{"@type":"Organization","@id":"https:\/\/www.tylickiechalupy.eu\/#organization","name":"Tylickie Cha\u0142upy","alternateName":"Noclegi Tylicz","url":"https:\/\/www.tylickiechalupy.eu\/","logo":{"@type":"ImageObject","inLanguage":"en-US","@id":"https:\/\/www.tylickiechalupy.eu\/#\/schema\/logo\/image\/","url":"https:\/\/www.tylickiechalupy.eu\/wp-content\/uploads\/2023\/07\/tylickie-chaupy-logo-PNG-\u2014-kopia-1.png","contentUrl":"https:\/\/www.tylickiechalupy.eu\/wp-content\/uploads\/2023\/07\/tylickie-chaupy-logo-PNG-\u2014-kopia-1.png","width":2560,"height":1810,"caption":"Tylickie Cha\u0142upy"},"image":{"@id":"https:\/\/www.tylickiechalupy.eu\/#\/schema\/logo\/image\/"},"sameAs":["https:\/\/www.facebook.com\/TylickieChalupy","https:\/\/www.instagram.com\/tylickie_chalupy\/"]}]}},"_links":{"self":[{"href":"https:\/\/www.tylickiechalupy.eu\/en\/wp-json\/wp\/v2\/pages\/3406"}],"collection":[{"href":"https:\/\/www.tylickiechalupy.eu\/en\/wp-json\/wp\/v2\/pages"}],"about":[{"href":"https:\/\/www.tylickiechalupy.eu\/en\/wp-json\/wp\/v2\/types\/page"}],"author":[{"embeddable":true,"href":"https:\/\/www.tylickiechalupy.eu\/en\/wp-json\/wp\/v2\/users\/1"}],"replies":[{"embeddable":true,"href":"https:\/\/www.tylickiechalupy.eu\/en\/wp-json\/wp\/v2\/comments?post=3406"}],"version-history":[{"count":43,"href":"https:\/\/www.tylickiechalupy.eu\/en\/wp-json\/wp\/v2\/pages\/3406\/revisions"}],"predecessor-version":[{"id":4387,"href":"https:\/\/www.tylickiechalupy.eu\/en\/wp-json\/wp\/v2\/pages\/3406\/revisions\/4387"}],"wp:attachment":[{"href":"https:\/\/www.tylickiechalupy.eu\/en\/wp-json\/wp\/v2\/media?parent=3406"}],"curies":[{"name":"wp","href":"https:\/\/api.w.org\/{rel}","templated":true}]}}