{"id":3398,"date":"2023-07-18T08:58:09","date_gmt":"2023-07-18T08:58:09","guid":{"rendered":"https:\/\/www.tylickiechalupy.eu\/?page_id=3398"},"modified":"2023-07-23T10:50:22","modified_gmt":"2023-07-23T10:50:22","slug":"zrodlo-milosci-w-tyliczu","status":"publish","type":"page","link":"https:\/\/www.tylickiechalupy.eu\/en\/zrodlo-milosci-w-tyliczu\/","title":{"rendered":"Source of Love in Tylicz"},"content":{"rendered":"\t\t<div data-elementor-type=\"wp-page\" data-elementor-id=\"3398\" class=\"elementor elementor-3398\">\n\t\t\t\t\t\t<section class=\"elementor-section elementor-top-section elementor-element elementor-element-d6d5a49 elementor-section-boxed elementor-section-height-default elementor-section-height-default\" data-id=\"d6d5a49\" data-element_type=\"section\">\n\t\t\t\t\t\t<div class=\"elementor-container elementor-column-gap-default\">\n\t\t\t\t\t<div class=\"elementor-column elementor-col-100 elementor-top-column elementor-element elementor-element-710cedf\" data-id=\"710cedf\" data-element_type=\"column\">\n\t\t\t<div class=\"elementor-widget-wrap elementor-element-populated\">\n\t\t\t\t\t\t<div class=\"elementor-element elementor-element-892f648 elementor-widget elementor-widget-heading\" data-id=\"892f648\" data-element_type=\"widget\" data-widget_type=\"heading.default\">\n\t\t\t\t<div class=\"elementor-widget-container\">\n\t\t\t<style>\/*! elementor - v3.23.0 - 05-08-2024 *\/\n.elementor-heading-title{padding:0;margin:0;line-height:1}.elementor-widget-heading .elementor-heading-title[class*=elementor-size-]>a{color:inherit;font-size:inherit;line-height:inherit}.elementor-widget-heading .elementor-heading-title.elementor-size-small{font-size:15px}.elementor-widget-heading .elementor-heading-title.elementor-size-medium{font-size:19px}.elementor-widget-heading .elementor-heading-title.elementor-size-large{font-size:29px}.elementor-widget-heading .elementor-heading-title.elementor-size-xl{font-size:39px}.elementor-widget-heading .elementor-heading-title.elementor-size-xxl{font-size:59px}<\/style><h2 class=\"elementor-heading-title elementor-size-default\">\u0179r\u00f3d\u0142o Mi\u0142o\u015bci w Tyliczu<\/h2>\t\t<\/div>\n\t\t\t\t<\/div>\n\t\t\t\t<div class=\"elementor-element elementor-element-6d147bf elementor-widget elementor-widget-image\" data-id=\"6d147bf\" data-element_type=\"widget\" data-widget_type=\"image.default\">\n\t\t\t\t<div class=\"elementor-widget-container\">\n\t\t\t<style>\/*! elementor - v3.23.0 - 05-08-2024 *\/\n.elementor-widget-image{text-align:center}.elementor-widget-image a{display:inline-block}.elementor-widget-image a img[src$=\".svg\"]{width:48px}.elementor-widget-image img{vertical-align:middle;display:inline-block}<\/style>\t\t\t\t\t\t\t\t\t\t<img fetchpriority=\"high\" decoding=\"async\" width=\"768\" height=\"448\" src=\"https:\/\/www.tylickiechalupy.eu\/wp-content\/uploads\/2023\/07\/zrodlo-milosci-w-Tyliczu-768x448.jpg\" class=\"attachment-medium_large size-medium_large wp-image-4210\" alt=\"\" srcset=\"https:\/\/www.tylickiechalupy.eu\/wp-content\/uploads\/2023\/07\/zrodlo-milosci-w-Tyliczu-768x448.jpg 768w, https:\/\/www.tylickiechalupy.eu\/wp-content\/uploads\/2023\/07\/zrodlo-milosci-w-Tyliczu-300x175.jpg 300w, https:\/\/www.tylickiechalupy.eu\/wp-content\/uploads\/2023\/07\/zrodlo-milosci-w-Tyliczu-1024x597.jpg 1024w, https:\/\/www.tylickiechalupy.eu\/wp-content\/uploads\/2023\/07\/zrodlo-milosci-w-Tyliczu-18x12.jpg 18w, https:\/\/www.tylickiechalupy.eu\/wp-content\/uploads\/2023\/07\/zrodlo-milosci-w-Tyliczu.jpg 1200w\" sizes=\"(max-width: 768px) 100vw, 768px\" \/>\t\t\t\t\t\t\t\t\t\t\t\t\t<\/div>\n\t\t\t\t<\/div>\n\t\t\t\t<div class=\"elementor-element elementor-element-277a248 elementor-widget elementor-widget-text-editor\" data-id=\"277a248\" data-element_type=\"widget\" data-widget_type=\"text-editor.default\">\n\t\t\t\t<div class=\"elementor-widget-container\">\n\t\t\t<style>\/*! elementor - v3.23.0 - 05-08-2024 *\/\n.elementor-widget-text-editor.elementor-drop-cap-view-stacked .elementor-drop-cap{background-color:#69727d;color:#fff}.elementor-widget-text-editor.elementor-drop-cap-view-framed .elementor-drop-cap{color:#69727d;border:3px solid;background-color:transparent}.elementor-widget-text-editor:not(.elementor-drop-cap-view-default) .elementor-drop-cap{margin-top:8px}.elementor-widget-text-editor:not(.elementor-drop-cap-view-default) .elementor-drop-cap-letter{width:1em;height:1em}.elementor-widget-text-editor .elementor-drop-cap{float:left;text-align:center;line-height:1;font-size:50px}.elementor-widget-text-editor .elementor-drop-cap-letter{display:inline-block}<\/style>\t\t\t\t<p>W 2012 roku powsta\u0142a w Tyliczu pijalnia wody mineralnej. Woda, kt\u00f3r\u0105 mo\u017cna w niej degustowa\u0107, zbli\u017cona jest sk\u0142adem i smakiem do Zdroju G\u0142\u00f3wnego w Krynicy-Zdroju oraz tylickiej \u201eSzczawy\u201d.\u00a0 \u00a0 \u00a0 \u00a0 \u00a0<\/p><p><em>\u00a0\u201e\u0179r\u00f3d\u0142o Mi\u0142o\u015bci\u201d, <\/em>tak zosta\u0142o nazwane to uj\u0119cie wody.\u00a0 Jest cz\u0119\u015bci\u0105 niedawno powsta\u0142ego szlaku w\u00f3d mineralnych. W otoczeniu przyrody znajdziecie drewnian\u0105 altank\u0119, w kt\u00f3rej mo\u017cecie napi\u0107 si\u0119 prosto ze \u017ar\u00f3d\u0142a i w dodatku smacznej wody:)<\/p><p><br \/>\u201eZdr\u00f3j Bardowiec\u201d nazw\u0119 \u201e\u0179r\u00f3d\u0142o Mi\u0142o\u015bci\u201d zawdzi\u0119cza licznym turystom i kolonistom, kt\u00f3rzy udawali si\u0119 w to romantyczne miejsce.<\/p><p>\u00a0<\/p><p><img decoding=\"async\" class=\"size-medium wp-image-4011 aligncenter\" src=\"https:\/\/www.tylickiechalupy.eu\/wp-content\/uploads\/2023\/07\/Tylicz-zrodlo-milosci-foto-300x169.jpg\" alt=\"\" width=\"300\" height=\"169\" srcset=\"https:\/\/www.tylickiechalupy.eu\/wp-content\/uploads\/2023\/07\/Tylicz-zrodlo-milosci-foto-300x169.jpg 300w, https:\/\/www.tylickiechalupy.eu\/wp-content\/uploads\/2023\/07\/Tylicz-zrodlo-milosci-foto-1024x576.jpg 1024w, https:\/\/www.tylickiechalupy.eu\/wp-content\/uploads\/2023\/07\/Tylicz-zrodlo-milosci-foto-768x432.jpg 768w, https:\/\/www.tylickiechalupy.eu\/wp-content\/uploads\/2023\/07\/Tylicz-zrodlo-milosci-foto.jpg 1280w\" sizes=\"(max-width: 300px) 100vw, 300px\" \/><\/p>\t\t\t\t\t\t<\/div>\n\t\t\t\t<\/div>\n\t\t\t\t<div class=\"elementor-element elementor-element-8c8c3d5 elementor-align-center elementor-widget elementor-widget-button\" data-id=\"8c8c3d5\" data-element_type=\"widget\" data-widget_type=\"button.default\">\n\t\t\t\t<div class=\"elementor-widget-container\">\n\t\t\t\t\t<div class=\"elementor-button-wrapper\">\n\t\t\t<a class=\"elementor-button elementor-button-link elementor-size-sm elementor-animation-grow\" href=\"https:\/\/goo.gl\/maps\/qXVNYewGVPcDVk7h6\" target=\"_blank\">\n\t\t\t\t\t\t<span class=\"elementor-button-content-wrapper\">\n\t\t\t\t\t\t\t\t\t<span class=\"elementor-button-text\">Znajd\u017a na mapie<\/span>\n\t\t\t\t\t<\/span>\n\t\t\t\t\t<\/a>\n\t\t<\/div>\n\t\t\t\t<\/div>\n\t\t\t\t<\/div>\n\t\t\t\t\t<\/div>\n\t\t<\/div>\n\t\t\t\t\t<\/div>\n\t\t<\/section>\n\t\t\t\t<\/div>\n\t\t","protected":false},"excerpt":{"rendered":"<p>\u0179r\u00f3d\u0142o Mi\u0142o\u015bci w Tyliczu W 2012 roku powsta\u0142a w Tyliczu pijalnia wody mineralnej. Woda, kt\u00f3r\u0105 mo\u017cna w niej degustowa\u0107, zbli\u017cona jest sk\u0142adem i smakiem do Zdroju G\u0142\u00f3wnego w Krynicy-Zdroju oraz tylickiej \u201eSzczawy\u201d.\u00a0 \u00a0 \u00a0 \u00a0 \u00a0 \u00a0\u201e\u0179r\u00f3d\u0142o Mi\u0142o\u015bci\u201d, tak zosta\u0142o nazwane to uj\u0119cie wody.\u00a0 Jest cz\u0119\u015bci\u0105 niedawno powsta\u0142ego szlaku w\u00f3d mineralnych. W otoczeniu przyrody znajdziecie [&hellip;]<\/p>\n","protected":false},"author":1,"featured_media":0,"parent":0,"menu_order":0,"comment_status":"closed","ping_status":"closed","template":"","meta":{"site-sidebar-layout":"no-sidebar","site-content-layout":"page-builder","ast-site-content-layout":"default","site-content-style":"default","site-sidebar-style":"default","ast-global-header-display":"","ast-banner-title-visibility":"","ast-main-header-display":"","ast-hfb-above-header-display":"","ast-hfb-below-header-display":"","ast-hfb-mobile-header-display":"","site-post-title":"disabled","ast-breadcrumbs-content":"","ast-featured-img":"disabled","footer-sml-layout":"","ast-disable-related-posts":"","theme-transparent-header-meta":"","adv-header-id-meta":"","stick-header-meta":"","header-above-stick-meta":"","header-main-stick-meta":"","header-below-stick-meta":"","astra-migrate-meta-layouts":"default","ast-page-background-enabled":"default","ast-page-background-meta":{"desktop":{"background-color":"","background-image":"","background-repeat":"repeat","background-position":"center center","background-size":"auto","background-attachment":"scroll","background-type":"","background-media":"","overlay-type":"","overlay-color":"","overlay-opacity":"","overlay-gradient":""},"tablet":{"background-color":"","background-image":"","background-repeat":"repeat","background-position":"center center","background-size":"auto","background-attachment":"scroll","background-type":"","background-media":"","overlay-type":"","overlay-color":"","overlay-opacity":"","overlay-gradient":""},"mobile":{"background-color":"","background-image":"","background-repeat":"repeat","background-position":"center center","background-size":"auto","background-attachment":"scroll","background-type":"","background-media":"","overlay-type":"","overlay-color":"","overlay-opacity":"","overlay-gradient":""}},"ast-content-background-meta":{"desktop":{"background-color":"var(--ast-global-color-4)","background-image":"","background-repeat":"repeat","background-position":"center center","background-size":"auto","background-attachment":"scroll","background-type":"","background-media":"","overlay-type":"","overlay-color":"","overlay-opacity":"","overlay-gradient":""},"tablet":{"background-color":"var(--ast-global-color-4)","background-image":"","background-repeat":"repeat","background-position":"center center","background-size":"auto","background-attachment":"scroll","background-type":"","background-media":"","overlay-type":"","overlay-color":"","overlay-opacity":"","overlay-gradient":""},"mobile":{"background-color":"var(--ast-global-color-4)","background-image":"","background-repeat":"repeat","background-position":"center center","background-size":"auto","background-attachment":"scroll","background-type":"","background-media":"","overlay-type":"","overlay-color":"","overlay-opacity":"","overlay-gradient":""}}},"yoast_head":"<!-- This site is optimized with the Yoast SEO plugin v21.8.1 - https:\/\/yoast.com\/wordpress\/plugins\/seo\/ -->\n<title>\u0179r\u00f3d\u0142o Mi\u0142o\u015bci w Tyliczu &#8226; Tylickie Cha\u0142upy<\/title>\n<meta name=\"robots\" content=\"index, follow, max-snippet:-1, max-image-preview:large, max-video-preview:-1\" \/>\n<link rel=\"canonical\" href=\"https:\/\/www.tylickiechalupy.eu\/en\/zrodlo-milosci-w-tyliczu\/\" \/>\n<meta property=\"og:locale\" content=\"en_US\" \/>\n<meta property=\"og:type\" content=\"article\" \/>\n<meta property=\"og:title\" content=\"\u0179r\u00f3d\u0142o Mi\u0142o\u015bci w Tyliczu &#8226; Tylickie Cha\u0142upy\" \/>\n<meta property=\"og:description\" content=\"\u0179r\u00f3d\u0142o Mi\u0142o\u015bci w Tyliczu W 2012 roku powsta\u0142a w Tyliczu pijalnia wody mineralnej. Woda, kt\u00f3r\u0105 mo\u017cna w niej degustowa\u0107, zbli\u017cona jest sk\u0142adem i smakiem do Zdroju G\u0142\u00f3wnego w Krynicy-Zdroju oraz tylickiej \u201eSzczawy\u201d.\u00a0 \u00a0 \u00a0 \u00a0 \u00a0 \u00a0\u201e\u0179r\u00f3d\u0142o Mi\u0142o\u015bci\u201d, tak zosta\u0142o nazwane to uj\u0119cie wody.\u00a0 Jest cz\u0119\u015bci\u0105 niedawno powsta\u0142ego szlaku w\u00f3d mineralnych. W otoczeniu przyrody znajdziecie [&hellip;]\" \/>\n<meta property=\"og:url\" content=\"https:\/\/www.tylickiechalupy.eu\/en\/zrodlo-milosci-w-tyliczu\/\" \/>\n<meta property=\"og:site_name\" content=\"Tylickie Cha\u0142upy\" \/>\n<meta property=\"article:publisher\" content=\"https:\/\/www.facebook.com\/TylickieChalupy\" \/>\n<meta property=\"article:modified_time\" content=\"2023-07-23T10:50:22+00:00\" \/>\n<meta property=\"og:image\" content=\"https:\/\/www.tylickiechalupy.eu\/wp-content\/uploads\/2023\/07\/zrodlo-milosci-w-Tyliczu-768x448.jpg\" \/>\n<meta name=\"twitter:card\" content=\"summary_large_image\" \/>\n<script type=\"application\/ld+json\" class=\"yoast-schema-graph\">{\"@context\":\"https:\/\/schema.org\",\"@graph\":[{\"@type\":\"WebPage\",\"@id\":\"https:\/\/www.tylickiechalupy.eu\/zrodlo-milosci-w-tyliczu\/\",\"url\":\"https:\/\/www.tylickiechalupy.eu\/zrodlo-milosci-w-tyliczu\/\",\"name\":\"\u0179r\u00f3d\u0142o Mi\u0142o\u015bci w Tyliczu &#8226; Tylickie Cha\u0142upy\",\"isPartOf\":{\"@id\":\"https:\/\/www.tylickiechalupy.eu\/#website\"},\"datePublished\":\"2023-07-18T08:58:09+00:00\",\"dateModified\":\"2023-07-23T10:50:22+00:00\",\"breadcrumb\":{\"@id\":\"https:\/\/www.tylickiechalupy.eu\/zrodlo-milosci-w-tyliczu\/#breadcrumb\"},\"inLanguage\":\"en-US\",\"potentialAction\":[{\"@type\":\"ReadAction\",\"target\":[\"https:\/\/www.tylickiechalupy.eu\/zrodlo-milosci-w-tyliczu\/\"]}]},{\"@type\":\"BreadcrumbList\",\"@id\":\"https:\/\/www.tylickiechalupy.eu\/zrodlo-milosci-w-tyliczu\/#breadcrumb\",\"itemListElement\":[{\"@type\":\"ListItem\",\"position\":1,\"name\":\"Strona g\u0142\u00f3wna\",\"item\":\"https:\/\/www.tylickiechalupy.eu\/\"},{\"@type\":\"ListItem\",\"position\":2,\"name\":\"\u0179r\u00f3d\u0142o Mi\u0142o\u015bci w Tyliczu\"}]},{\"@type\":\"WebSite\",\"@id\":\"https:\/\/www.tylickiechalupy.eu\/#website\",\"url\":\"https:\/\/www.tylickiechalupy.eu\/\",\"name\":\"Tylickie Cha\u0142upy - domki w g\u00f3rach\",\"description\":\"Domki w g&oacute;rach\",\"publisher\":{\"@id\":\"https:\/\/www.tylickiechalupy.eu\/#organization\"},\"potentialAction\":[{\"@type\":\"SearchAction\",\"target\":{\"@type\":\"EntryPoint\",\"urlTemplate\":\"https:\/\/www.tylickiechalupy.eu\/?s={search_term_string}\"},\"query-input\":\"required name=search_term_string\"}],\"inLanguage\":\"en-US\"},{\"@type\":\"Organization\",\"@id\":\"https:\/\/www.tylickiechalupy.eu\/#organization\",\"name\":\"Tylickie Cha\u0142upy\",\"alternateName\":\"Noclegi Tylicz\",\"url\":\"https:\/\/www.tylickiechalupy.eu\/\",\"logo\":{\"@type\":\"ImageObject\",\"inLanguage\":\"en-US\",\"@id\":\"https:\/\/www.tylickiechalupy.eu\/#\/schema\/logo\/image\/\",\"url\":\"https:\/\/www.tylickiechalupy.eu\/wp-content\/uploads\/2023\/07\/tylickie-chaupy-logo-PNG-\u2014-kopia-1.png\",\"contentUrl\":\"https:\/\/www.tylickiechalupy.eu\/wp-content\/uploads\/2023\/07\/tylickie-chaupy-logo-PNG-\u2014-kopia-1.png\",\"width\":2560,\"height\":1810,\"caption\":\"Tylickie Cha\u0142upy\"},\"image\":{\"@id\":\"https:\/\/www.tylickiechalupy.eu\/#\/schema\/logo\/image\/\"},\"sameAs\":[\"https:\/\/www.facebook.com\/TylickieChalupy\",\"https:\/\/www.instagram.com\/tylickie_chalupy\/\"]}]}<\/script>\n<!-- \/ Yoast SEO plugin. -->","yoast_head_json":{"title":"\u0179r\u00f3d\u0142o Mi\u0142o\u015bci w Tyliczu &#8226; Tylickie Cha\u0142upy","robots":{"index":"index","follow":"follow","max-snippet":"max-snippet:-1","max-image-preview":"max-image-preview:large","max-video-preview":"max-video-preview:-1"},"canonical":"https:\/\/www.tylickiechalupy.eu\/en\/zrodlo-milosci-w-tyliczu\/","og_locale":"en_US","og_type":"article","og_title":"\u0179r\u00f3d\u0142o Mi\u0142o\u015bci w Tyliczu &#8226; Tylickie Cha\u0142upy","og_description":"\u0179r\u00f3d\u0142o Mi\u0142o\u015bci w Tyliczu W 2012 roku powsta\u0142a w Tyliczu pijalnia wody mineralnej. Woda, kt\u00f3r\u0105 mo\u017cna w niej degustowa\u0107, zbli\u017cona jest sk\u0142adem i smakiem do Zdroju G\u0142\u00f3wnego w Krynicy-Zdroju oraz tylickiej \u201eSzczawy\u201d.\u00a0 \u00a0 \u00a0 \u00a0 \u00a0 \u00a0\u201e\u0179r\u00f3d\u0142o Mi\u0142o\u015bci\u201d, tak zosta\u0142o nazwane to uj\u0119cie wody.\u00a0 Jest cz\u0119\u015bci\u0105 niedawno powsta\u0142ego szlaku w\u00f3d mineralnych. W otoczeniu przyrody znajdziecie [&hellip;]","og_url":"https:\/\/www.tylickiechalupy.eu\/en\/zrodlo-milosci-w-tyliczu\/","og_site_name":"Tylickie Cha\u0142upy","article_publisher":"https:\/\/www.facebook.com\/TylickieChalupy","article_modified_time":"2023-07-23T10:50:22+00:00","og_image":[{"url":"https:\/\/www.tylickiechalupy.eu\/wp-content\/uploads\/2023\/07\/zrodlo-milosci-w-Tyliczu-768x448.jpg"}],"twitter_card":"summary_large_image","schema":{"@context":"https:\/\/schema.org","@graph":[{"@type":"WebPage","@id":"https:\/\/www.tylickiechalupy.eu\/zrodlo-milosci-w-tyliczu\/","url":"https:\/\/www.tylickiechalupy.eu\/zrodlo-milosci-w-tyliczu\/","name":"\u0179r\u00f3d\u0142o Mi\u0142o\u015bci w Tyliczu &#8226; Tylickie Cha\u0142upy","isPartOf":{"@id":"https:\/\/www.tylickiechalupy.eu\/#website"},"datePublished":"2023-07-18T08:58:09+00:00","dateModified":"2023-07-23T10:50:22+00:00","breadcrumb":{"@id":"https:\/\/www.tylickiechalupy.eu\/zrodlo-milosci-w-tyliczu\/#breadcrumb"},"inLanguage":"en-US","potentialAction":[{"@type":"ReadAction","target":["https:\/\/www.tylickiechalupy.eu\/zrodlo-milosci-w-tyliczu\/"]}]},{"@type":"BreadcrumbList","@id":"https:\/\/www.tylickiechalupy.eu\/zrodlo-milosci-w-tyliczu\/#breadcrumb","itemListElement":[{"@type":"ListItem","position":1,"name":"Strona g\u0142\u00f3wna","item":"https:\/\/www.tylickiechalupy.eu\/"},{"@type":"ListItem","position":2,"name":"\u0179r\u00f3d\u0142o Mi\u0142o\u015bci w Tyliczu"}]},{"@type":"WebSite","@id":"https:\/\/www.tylickiechalupy.eu\/#website","url":"https:\/\/www.tylickiechalupy.eu\/","name":"Tylickie Cha\u0142upy - domki w g\u00f3rach","description":"Domki w g&oacute;rach","publisher":{"@id":"https:\/\/www.tylickiechalupy.eu\/#organization"},"potentialAction":[{"@type":"SearchAction","target":{"@type":"EntryPoint","urlTemplate":"https:\/\/www.tylickiechalupy.eu\/?s={search_term_string}"},"query-input":"required name=search_term_string"}],"inLanguage":"en-US"},{"@type":"Organization","@id":"https:\/\/www.tylickiechalupy.eu\/#organization","name":"Tylickie Cha\u0142upy","alternateName":"Noclegi Tylicz","url":"https:\/\/www.tylickiechalupy.eu\/","logo":{"@type":"ImageObject","inLanguage":"en-US","@id":"https:\/\/www.tylickiechalupy.eu\/#\/schema\/logo\/image\/","url":"https:\/\/www.tylickiechalupy.eu\/wp-content\/uploads\/2023\/07\/tylickie-chaupy-logo-PNG-\u2014-kopia-1.png","contentUrl":"https:\/\/www.tylickiechalupy.eu\/wp-content\/uploads\/2023\/07\/tylickie-chaupy-logo-PNG-\u2014-kopia-1.png","width":2560,"height":1810,"caption":"Tylickie Cha\u0142upy"},"image":{"@id":"https:\/\/www.tylickiechalupy.eu\/#\/schema\/logo\/image\/"},"sameAs":["https:\/\/www.facebook.com\/TylickieChalupy","https:\/\/www.instagram.com\/tylickie_chalupy\/"]}]}},"_links":{"self":[{"href":"https:\/\/www.tylickiechalupy.eu\/en\/wp-json\/wp\/v2\/pages\/3398"}],"collection":[{"href":"https:\/\/www.tylickiechalupy.eu\/en\/wp-json\/wp\/v2\/pages"}],"about":[{"href":"https:\/\/www.tylickiechalupy.eu\/en\/wp-json\/wp\/v2\/types\/page"}],"author":[{"embeddable":true,"href":"https:\/\/www.tylickiechalupy.eu\/en\/wp-json\/wp\/v2\/users\/1"}],"replies":[{"embeddable":true,"href":"https:\/\/www.tylickiechalupy.eu\/en\/wp-json\/wp\/v2\/comments?post=3398"}],"version-history":[{"count":68,"href":"https:\/\/www.tylickiechalupy.eu\/en\/wp-json\/wp\/v2\/pages\/3398\/revisions"}],"predecessor-version":[{"id":4443,"href":"https:\/\/www.tylickiechalupy.eu\/en\/wp-json\/wp\/v2\/pages\/3398\/revisions\/4443"}],"wp:attachment":[{"href":"https:\/\/www.tylickiechalupy.eu\/en\/wp-json\/wp\/v2\/media?parent=3398"}],"curies":[{"name":"wp","href":"https:\/\/api.w.org\/{rel}","templated":true}]}}