{"id":3,"date":"2023-06-26T18:14:28","date_gmt":"2023-06-26T18:14:28","guid":{"rendered":"https:\/\/www.tylickiechalupy.eu\/?page_id=3"},"modified":"2023-07-17T11:43:54","modified_gmt":"2023-07-17T11:43:54","slug":"polityka-prywatnosci","status":"publish","type":"page","link":"https:\/\/www.tylickiechalupy.eu\/en\/polityka-prywatnosci\/","title":{"rendered":"Privacy policy"},"content":{"rendered":"\t\t<div data-elementor-type=\"wp-page\" data-elementor-id=\"3\" class=\"elementor elementor-3\">\n\t\t\t\t\t\t<section class=\"elementor-section elementor-top-section elementor-element elementor-element-33dd3e5 elementor-section-boxed elementor-section-height-default elementor-section-height-default\" data-id=\"33dd3e5\" data-element_type=\"section\">\n\t\t\t\t\t\t<div class=\"elementor-container elementor-column-gap-default\">\n\t\t\t\t\t<div class=\"elementor-column elementor-col-100 elementor-top-column elementor-element elementor-element-60e4b88\" data-id=\"60e4b88\" data-element_type=\"column\" data-settings=\"{&quot;background_background&quot;:&quot;classic&quot;}\">\n\t\t\t<div class=\"elementor-widget-wrap elementor-element-populated\">\n\t\t\t\t\t\t<div class=\"elementor-element elementor-element-575f28a elementor-widget elementor-widget-image\" data-id=\"575f28a\" data-element_type=\"widget\" data-widget_type=\"image.default\">\n\t\t\t\t<div class=\"elementor-widget-container\">\n\t\t\t<style>\/*! elementor - v3.23.0 - 05-08-2024 *\/\n.elementor-widget-image{text-align:center}.elementor-widget-image a{display:inline-block}.elementor-widget-image a img[src$=\".svg\"]{width:48px}.elementor-widget-image img{vertical-align:middle;display:inline-block}<\/style>\t\t\t\t\t\t\t\t\t\t\t<a href=\"https:\/\/www.tylickiechalupy.eu\/\" target=\"_blank\">\n\t\t\t\t\t\t\t<img fetchpriority=\"high\" decoding=\"async\" width=\"1024\" height=\"724\" src=\"https:\/\/www.tylickiechalupy.eu\/wp-content\/uploads\/2023\/07\/tylickie-chaupy-logo-PNG-\u2014-kopia-1024x724.png\" class=\"attachment-large size-large wp-image-1727\" alt=\"\" srcset=\"https:\/\/www.tylickiechalupy.eu\/wp-content\/uploads\/2023\/07\/tylickie-chaupy-logo-PNG-\u2014-kopia-1024x724.png 1024w, https:\/\/www.tylickiechalupy.eu\/wp-content\/uploads\/2023\/07\/tylickie-chaupy-logo-PNG-\u2014-kopia-300x212.png 300w, https:\/\/www.tylickiechalupy.eu\/wp-content\/uploads\/2023\/07\/tylickie-chaupy-logo-PNG-\u2014-kopia-768x543.png 768w, https:\/\/www.tylickiechalupy.eu\/wp-content\/uploads\/2023\/07\/tylickie-chaupy-logo-PNG-\u2014-kopia-1536x1086.png 1536w, https:\/\/www.tylickiechalupy.eu\/wp-content\/uploads\/2023\/07\/tylickie-chaupy-logo-PNG-\u2014-kopia-2048x1448.png 2048w, https:\/\/www.tylickiechalupy.eu\/wp-content\/uploads\/2023\/07\/tylickie-chaupy-logo-PNG-\u2014-kopia-18x12.png 18w, https:\/\/www.tylickiechalupy.eu\/wp-content\/uploads\/2023\/07\/tylickie-chaupy-logo-PNG-\u2014-kopia-215x152.png 215w\" sizes=\"(max-width: 1024px) 100vw, 1024px\" \/>\t\t\t\t\t\t\t\t<\/a>\n\t\t\t\t\t\t\t\t\t\t\t\t\t<\/div>\n\t\t\t\t<\/div>\n\t\t\t\t<div class=\"elementor-element elementor-element-3dc3464 elementor-widget elementor-widget-heading\" data-id=\"3dc3464\" data-element_type=\"widget\" data-widget_type=\"heading.default\">\n\t\t\t\t<div class=\"elementor-widget-container\">\n\t\t\t<style>\/*! elementor - v3.23.0 - 05-08-2024 *\/\n.elementor-heading-title{padding:0;margin:0;line-height:1}.elementor-widget-heading .elementor-heading-title[class*=elementor-size-]>a{color:inherit;font-size:inherit;line-height:inherit}.elementor-widget-heading .elementor-heading-title.elementor-size-small{font-size:15px}.elementor-widget-heading .elementor-heading-title.elementor-size-medium{font-size:19px}.elementor-widget-heading .elementor-heading-title.elementor-size-large{font-size:29px}.elementor-widget-heading .elementor-heading-title.elementor-size-xl{font-size:39px}.elementor-widget-heading .elementor-heading-title.elementor-size-xxl{font-size:59px}<\/style><h4 class=\"elementor-heading-title elementor-size-default\"><b>POLITYKA PRYWATNO\u015aCI I POLITYKA COOKIES<\/b><br>zwi\u0105zana z korzystaniem z Witryny tylickiechalupy.eu<b> <\/b><\/h4>\t\t<\/div>\n\t\t\t\t<\/div>\n\t\t\t\t<div class=\"elementor-element elementor-element-b3ec803 elementor-widget elementor-widget-text-editor\" data-id=\"b3ec803\" data-element_type=\"widget\" data-widget_type=\"text-editor.default\">\n\t\t\t\t<div class=\"elementor-widget-container\">\n\t\t\t<style>\/*! elementor - v3.23.0 - 05-08-2024 *\/\n.elementor-widget-text-editor.elementor-drop-cap-view-stacked .elementor-drop-cap{background-color:#69727d;color:#fff}.elementor-widget-text-editor.elementor-drop-cap-view-framed .elementor-drop-cap{color:#69727d;border:3px solid;background-color:transparent}.elementor-widget-text-editor:not(.elementor-drop-cap-view-default) .elementor-drop-cap{margin-top:8px}.elementor-widget-text-editor:not(.elementor-drop-cap-view-default) .elementor-drop-cap-letter{width:1em;height:1em}.elementor-widget-text-editor .elementor-drop-cap{float:left;text-align:center;line-height:1;font-size:50px}.elementor-widget-text-editor .elementor-drop-cap-letter{display:inline-block}<\/style>\t\t\t\t<p><strong>Witaj!<\/strong><\/p><p>Je\u017celi tutaj trafi\u0142e\u015b, to oznacza, \u017ce cenisz swoj\u0105 prywatno\u015b\u0107. Doskonale to rozumiemy, dlatego przygotowali\u015bmy dla Ciebie ten dokument, w kt\u00f3rym znajdziesz <strong>zasady przetwarzania danych osobowych oraz wykorzystywania plik\u00f3w cookies w zwi\u0105zku z korzystaniem ze strony internetowej:<\/strong> tylickiechalupy.eu<\/p><p>Informacja formalna na pocz\u0105tek \u2013 administratorem strony jest Maciej Okr\u0119glak, w\u0142a\u015bciciel domk\u00f3w Tylickie Cha\u0142upy, przy ul. Tylickiego 2, 33-383 Tylicz, Polska, zwany dalej <strong>\u201eAdministratorem\u201d<\/strong>. W razie jakichkolwiek w\u0105tpliwo\u015bci zwi\u0105zanych z Polityk\u0105 Prywatno\u015bci, w ka\u017cdej chwili mo\u017cesz skontaktowa\u0107 si\u0119 z nami, wysy\u0142aj\u0105c wiadomo\u015b\u0107 na adres mailowy: tylickiechalupy@gmail.com<\/p><p><strong>Skr\u00f3cona wersja \u2013 najwa\u017cniejsze informacje<\/strong><br \/>Dbamy o Twoj\u0105 prywatno\u015b\u0107, ale r\u00f3wnie\u017c o Tw\u00f3j czas. Dlatego przygotowali\u015bmy dla Ciebie skr\u00f3con\u0105 wersj\u0119 najwa\u017cniejszych zasad zwi\u0105zanych z ochron\u0105 prywatno\u015bci.<\/p><p>Kontaktuj\u0105c si\u0119 z nami poprzez Formularz Kontaktowy, poprzez mail, telefonicznie, przekazujesz nam swoje dane osobowe, a my gwarantujemy Ci, \u017ce Twoje dane pozostan\u0105 poufne, bezpieczne i nie zostan\u0105 udost\u0119pnione jakimkolwiek podmiotom trzecim bez Twojej wyra\u017anej zgody.<\/p><p>Korzystamy z narz\u0119dzi analitycznych Google Analytics, kt\u00f3re zbieraj\u0105 informacje na temat Twoich odwiedzin strony, takie jak podstrony, kt\u00f3re wy\u015bwietli\u0142e\u015b, czas, jaki sp\u0119dzi\u0142e\u015b na stronie czy przej\u015bcia pomi\u0119dzy poszczeg\u00f3lnymi podstronami. W tym celu wykorzystywane s\u0105 pliki cookies firmy Google LLC dotycz\u0105ce us\u0142ugi Google Analytics. Nie s\u0105 jednak podejmowane decyzje w spos\u00f3b zautomatyzowany wywo\u0142uj\u0105ce wobec Ciebie skutki prawne. W ramach mechanizmu do zarz\u0105dzania ustawieniami plik\u00f3w cookies masz mo\u017cliwo\u015b\u0107 zadecydowania, czy w ramach us\u0142ugi Google Analytics b\u0119dziemy mogli korzysta\u0107 r\u00f3wnie\u017c z funkcji marketingowych, czy nie.<\/p><p>Korzystamy z narz\u0119dzi marketingowych, takich jak Facebook Pixel, by kierowa\u0107 do Ciebie reklamy. Wi\u0105\u017c\u0119 si\u0119 to z wykorzystywaniem plik\u00f3w cookies firmy Facebook. W ramach ustawie\u0144 plik\u00f3w cookies mo\u017cesz zadecydowa\u0107, czy wyra\u017casz zgod\u0119 na korzystanie przez nas w Twoim przypadku z Pixela Facebooka, czy nie.<br \/>Zapewniamy mo\u017cliwo\u015b\u0107 korzystania z funkcji spo\u0142eczno\u015bciowych, takich jak udost\u0119pnianie tre\u015bci w serwisach spo\u0142eczno\u015bciowych oraz subskrypcja profilu spo\u0142eczno\u015bciowego. Korzystanie z tych funkcji wi\u0105\u017ce si\u0119 z wykorzystywaniem plik\u00f3w cookies administrator\u00f3w serwis\u00f3w spo\u0142eczno\u015bciowych takich jak Facebook oraz Instagram.<\/p><p>Pe\u0142na tre\u015b\u0107 Polityki Prywatno\u015bci dost\u0119pna\u00a0jest\u00a0w pliku pdf pod nast\u0119puj\u0105cym linkiem: <a href=\"https:\/\/www.tylickiechalupy.eu\/wp-content\/uploads\/2023\/07\/Polityka-Prywatnosci-tylickiechalupy.eu_.pdf\" target=\"_blank\" rel=\"noopener\">Polityka Prywatno\u015bci<\/a><\/p>\t\t\t\t\t\t<\/div>\n\t\t\t\t<\/div>\n\t\t\t\t\t<\/div>\n\t\t<\/div>\n\t\t\t\t\t<\/div>\n\t\t<\/section>\n\t\t\t\t<\/div>\n\t\t","protected":false},"excerpt":{"rendered":"<p>POLITYKA PRYWATNO\u015aCI I POLITYKA COOKIESzwi\u0105zana z korzystaniem z Witryny tylickiechalupy.eu Witaj! Je\u017celi tutaj trafi\u0142e\u015b, to oznacza, \u017ce cenisz swoj\u0105 prywatno\u015b\u0107. Doskonale to rozumiemy, dlatego przygotowali\u015bmy dla Ciebie ten dokument, w kt\u00f3rym znajdziesz zasady przetwarzania danych osobowych oraz wykorzystywania plik\u00f3w cookies w zwi\u0105zku z korzystaniem ze strony internetowej: tylickiechalupy.eu Informacja formalna na pocz\u0105tek \u2013 administratorem strony [&hellip;]<\/p>\n","protected":false},"author":1,"featured_media":0,"parent":0,"menu_order":0,"comment_status":"closed","ping_status":"open","template":"","meta":{"site-sidebar-layout":"no-sidebar","site-content-layout":"page-builder","ast-site-content-layout":"default","site-content-style":"default","site-sidebar-style":"default","ast-global-header-display":"","ast-banner-title-visibility":"","ast-main-header-display":"","ast-hfb-above-header-display":"","ast-hfb-below-header-display":"","ast-hfb-mobile-header-display":"","site-post-title":"disabled","ast-breadcrumbs-content":"","ast-featured-img":"disabled","footer-sml-layout":"","ast-disable-related-posts":"","theme-transparent-header-meta":"","adv-header-id-meta":"","stick-header-meta":"","header-above-stick-meta":"","header-main-stick-meta":"","header-below-stick-meta":"","astra-migrate-meta-layouts":"default","ast-page-background-enabled":"default","ast-page-background-meta":{"desktop":{"background-color":"","background-image":"","background-repeat":"repeat","background-position":"center center","background-size":"auto","background-attachment":"scroll","background-type":"","background-media":"","overlay-type":"","overlay-color":"","overlay-opacity":"","overlay-gradient":""},"tablet":{"background-color":"","background-image":"","background-repeat":"repeat","background-position":"center center","background-size":"auto","background-attachment":"scroll","background-type":"","background-media":"","overlay-type":"","overlay-color":"","overlay-opacity":"","overlay-gradient":""},"mobile":{"background-color":"","background-image":"","background-repeat":"repeat","background-position":"center center","background-size":"auto","background-attachment":"scroll","background-type":"","background-media":"","overlay-type":"","overlay-color":"","overlay-opacity":"","overlay-gradient":""}},"ast-content-background-meta":{"desktop":{"background-color":"var(--ast-global-color-4)","background-image":"","background-repeat":"repeat","background-position":"center center","background-size":"auto","background-attachment":"scroll","background-type":"","background-media":"","overlay-type":"","overlay-color":"","overlay-opacity":"","overlay-gradient":""},"tablet":{"background-color":"var(--ast-global-color-4)","background-image":"","background-repeat":"repeat","background-position":"center center","background-size":"auto","background-attachment":"scroll","background-type":"","background-media":"","overlay-type":"","overlay-color":"","overlay-opacity":"","overlay-gradient":""},"mobile":{"background-color":"var(--ast-global-color-4)","background-image":"","background-repeat":"repeat","background-position":"center center","background-size":"auto","background-attachment":"scroll","background-type":"","background-media":"","overlay-type":"","overlay-color":"","overlay-opacity":"","overlay-gradient":""}}},"yoast_head":"<!-- This site is optimized with the Yoast SEO plugin v21.8.1 - https:\/\/yoast.com\/wordpress\/plugins\/seo\/ -->\n<title>Polityka Prywatno\u015bci &#8226; Tylickie Cha\u0142upy<\/title>\n<meta name=\"robots\" content=\"index, follow, max-snippet:-1, max-image-preview:large, max-video-preview:-1\" \/>\n<link rel=\"canonical\" href=\"https:\/\/www.tylickiechalupy.eu\/en\/?page_id=3\" \/>\n<meta property=\"og:locale\" content=\"en_US\" \/>\n<meta property=\"og:type\" content=\"article\" \/>\n<meta property=\"og:title\" content=\"Polityka Prywatno\u015bci &#8226; Tylickie Cha\u0142upy\" \/>\n<meta property=\"og:description\" content=\"POLITYKA PRYWATNO\u015aCI I POLITYKA COOKIESzwi\u0105zana z korzystaniem z Witryny tylickiechalupy.eu Witaj! Je\u017celi tutaj trafi\u0142e\u015b, to oznacza, \u017ce cenisz swoj\u0105 prywatno\u015b\u0107. Doskonale to rozumiemy, dlatego przygotowali\u015bmy dla Ciebie ten dokument, w kt\u00f3rym znajdziesz zasady przetwarzania danych osobowych oraz wykorzystywania plik\u00f3w cookies w zwi\u0105zku z korzystaniem ze strony internetowej: tylickiechalupy.eu Informacja formalna na pocz\u0105tek \u2013 administratorem strony [&hellip;]\" \/>\n<meta property=\"og:url\" content=\"https:\/\/www.tylickiechalupy.eu\/en\/?page_id=3\" \/>\n<meta property=\"og:site_name\" content=\"Tylickie Cha\u0142upy\" \/>\n<meta property=\"article:publisher\" content=\"https:\/\/www.facebook.com\/TylickieChalupy\" \/>\n<meta property=\"article:modified_time\" content=\"2023-07-17T11:43:54+00:00\" \/>\n<meta name=\"twitter:card\" content=\"summary_large_image\" \/>\n<script type=\"application\/ld+json\" class=\"yoast-schema-graph\">{\"@context\":\"https:\/\/schema.org\",\"@graph\":[{\"@type\":\"WebPage\",\"@id\":\"https:\/\/www.tylickiechalupy.eu\/?page_id=3\",\"url\":\"https:\/\/www.tylickiechalupy.eu\/?page_id=3\",\"name\":\"Polityka Prywatno\u015bci &#8226; Tylickie Cha\u0142upy\",\"isPartOf\":{\"@id\":\"https:\/\/www.tylickiechalupy.eu\/#website\"},\"datePublished\":\"2023-06-26T18:14:28+00:00\",\"dateModified\":\"2023-07-17T11:43:54+00:00\",\"breadcrumb\":{\"@id\":\"https:\/\/www.tylickiechalupy.eu\/?page_id=3#breadcrumb\"},\"inLanguage\":\"en-US\",\"potentialAction\":[{\"@type\":\"ReadAction\",\"target\":[\"https:\/\/www.tylickiechalupy.eu\/?page_id=3\"]}]},{\"@type\":\"BreadcrumbList\",\"@id\":\"https:\/\/www.tylickiechalupy.eu\/?page_id=3#breadcrumb\",\"itemListElement\":[{\"@type\":\"ListItem\",\"position\":1,\"name\":\"Strona g\u0142\u00f3wna\",\"item\":\"https:\/\/www.tylickiechalupy.eu\/\"},{\"@type\":\"ListItem\",\"position\":2,\"name\":\"Privacy Policy\"}]},{\"@type\":\"WebSite\",\"@id\":\"https:\/\/www.tylickiechalupy.eu\/#website\",\"url\":\"https:\/\/www.tylickiechalupy.eu\/\",\"name\":\"Tylickie Cha\u0142upy - domki w g\u00f3rach\",\"description\":\"Domki w g&oacute;rach\",\"publisher\":{\"@id\":\"https:\/\/www.tylickiechalupy.eu\/#organization\"},\"potentialAction\":[{\"@type\":\"SearchAction\",\"target\":{\"@type\":\"EntryPoint\",\"urlTemplate\":\"https:\/\/www.tylickiechalupy.eu\/?s={search_term_string}\"},\"query-input\":\"required name=search_term_string\"}],\"inLanguage\":\"en-US\"},{\"@type\":\"Organization\",\"@id\":\"https:\/\/www.tylickiechalupy.eu\/#organization\",\"name\":\"Tylickie Cha\u0142upy\",\"alternateName\":\"Noclegi Tylicz\",\"url\":\"https:\/\/www.tylickiechalupy.eu\/\",\"logo\":{\"@type\":\"ImageObject\",\"inLanguage\":\"en-US\",\"@id\":\"https:\/\/www.tylickiechalupy.eu\/#\/schema\/logo\/image\/\",\"url\":\"https:\/\/www.tylickiechalupy.eu\/wp-content\/uploads\/2023\/07\/tylickie-chaupy-logo-PNG-\u2014-kopia-1.png\",\"contentUrl\":\"https:\/\/www.tylickiechalupy.eu\/wp-content\/uploads\/2023\/07\/tylickie-chaupy-logo-PNG-\u2014-kopia-1.png\",\"width\":2560,\"height\":1810,\"caption\":\"Tylickie Cha\u0142upy\"},\"image\":{\"@id\":\"https:\/\/www.tylickiechalupy.eu\/#\/schema\/logo\/image\/\"},\"sameAs\":[\"https:\/\/www.facebook.com\/TylickieChalupy\",\"https:\/\/www.instagram.com\/tylickie_chalupy\/\"]}]}<\/script>\n<!-- \/ Yoast SEO plugin. -->","yoast_head_json":{"title":"Polityka Prywatno\u015bci &#8226; Tylickie Cha\u0142upy","robots":{"index":"index","follow":"follow","max-snippet":"max-snippet:-1","max-image-preview":"max-image-preview:large","max-video-preview":"max-video-preview:-1"},"canonical":"https:\/\/www.tylickiechalupy.eu\/en\/?page_id=3","og_locale":"en_US","og_type":"article","og_title":"Polityka Prywatno\u015bci &#8226; Tylickie Cha\u0142upy","og_description":"POLITYKA PRYWATNO\u015aCI I POLITYKA COOKIESzwi\u0105zana z korzystaniem z Witryny tylickiechalupy.eu Witaj! Je\u017celi tutaj trafi\u0142e\u015b, to oznacza, \u017ce cenisz swoj\u0105 prywatno\u015b\u0107. Doskonale to rozumiemy, dlatego przygotowali\u015bmy dla Ciebie ten dokument, w kt\u00f3rym znajdziesz zasady przetwarzania danych osobowych oraz wykorzystywania plik\u00f3w cookies w zwi\u0105zku z korzystaniem ze strony internetowej: tylickiechalupy.eu Informacja formalna na pocz\u0105tek \u2013 administratorem strony [&hellip;]","og_url":"https:\/\/www.tylickiechalupy.eu\/en\/?page_id=3","og_site_name":"Tylickie Cha\u0142upy","article_publisher":"https:\/\/www.facebook.com\/TylickieChalupy","article_modified_time":"2023-07-17T11:43:54+00:00","twitter_card":"summary_large_image","schema":{"@context":"https:\/\/schema.org","@graph":[{"@type":"WebPage","@id":"https:\/\/www.tylickiechalupy.eu\/?page_id=3","url":"https:\/\/www.tylickiechalupy.eu\/?page_id=3","name":"Polityka Prywatno\u015bci &#8226; Tylickie Cha\u0142upy","isPartOf":{"@id":"https:\/\/www.tylickiechalupy.eu\/#website"},"datePublished":"2023-06-26T18:14:28+00:00","dateModified":"2023-07-17T11:43:54+00:00","breadcrumb":{"@id":"https:\/\/www.tylickiechalupy.eu\/?page_id=3#breadcrumb"},"inLanguage":"en-US","potentialAction":[{"@type":"ReadAction","target":["https:\/\/www.tylickiechalupy.eu\/?page_id=3"]}]},{"@type":"BreadcrumbList","@id":"https:\/\/www.tylickiechalupy.eu\/?page_id=3#breadcrumb","itemListElement":[{"@type":"ListItem","position":1,"name":"Strona g\u0142\u00f3wna","item":"https:\/\/www.tylickiechalupy.eu\/"},{"@type":"ListItem","position":2,"name":"Privacy Policy"}]},{"@type":"WebSite","@id":"https:\/\/www.tylickiechalupy.eu\/#website","url":"https:\/\/www.tylickiechalupy.eu\/","name":"Tylickie Cha\u0142upy - domki w g\u00f3rach","description":"Domki w g&oacute;rach","publisher":{"@id":"https:\/\/www.tylickiechalupy.eu\/#organization"},"potentialAction":[{"@type":"SearchAction","target":{"@type":"EntryPoint","urlTemplate":"https:\/\/www.tylickiechalupy.eu\/?s={search_term_string}"},"query-input":"required name=search_term_string"}],"inLanguage":"en-US"},{"@type":"Organization","@id":"https:\/\/www.tylickiechalupy.eu\/#organization","name":"Tylickie Cha\u0142upy","alternateName":"Noclegi Tylicz","url":"https:\/\/www.tylickiechalupy.eu\/","logo":{"@type":"ImageObject","inLanguage":"en-US","@id":"https:\/\/www.tylickiechalupy.eu\/#\/schema\/logo\/image\/","url":"https:\/\/www.tylickiechalupy.eu\/wp-content\/uploads\/2023\/07\/tylickie-chaupy-logo-PNG-\u2014-kopia-1.png","contentUrl":"https:\/\/www.tylickiechalupy.eu\/wp-content\/uploads\/2023\/07\/tylickie-chaupy-logo-PNG-\u2014-kopia-1.png","width":2560,"height":1810,"caption":"Tylickie Cha\u0142upy"},"image":{"@id":"https:\/\/www.tylickiechalupy.eu\/#\/schema\/logo\/image\/"},"sameAs":["https:\/\/www.facebook.com\/TylickieChalupy","https:\/\/www.instagram.com\/tylickie_chalupy\/"]}]}},"_links":{"self":[{"href":"https:\/\/www.tylickiechalupy.eu\/en\/wp-json\/wp\/v2\/pages\/3"}],"collection":[{"href":"https:\/\/www.tylickiechalupy.eu\/en\/wp-json\/wp\/v2\/pages"}],"about":[{"href":"https:\/\/www.tylickiechalupy.eu\/en\/wp-json\/wp\/v2\/types\/page"}],"author":[{"embeddable":true,"href":"https:\/\/www.tylickiechalupy.eu\/en\/wp-json\/wp\/v2\/users\/1"}],"replies":[{"embeddable":true,"href":"https:\/\/www.tylickiechalupy.eu\/en\/wp-json\/wp\/v2\/comments?post=3"}],"version-history":[{"count":81,"href":"https:\/\/www.tylickiechalupy.eu\/en\/wp-json\/wp\/v2\/pages\/3\/revisions"}],"predecessor-version":[{"id":2816,"href":"https:\/\/www.tylickiechalupy.eu\/en\/wp-json\/wp\/v2\/pages\/3\/revisions\/2816"}],"wp:attachment":[{"href":"https:\/\/www.tylickiechalupy.eu\/en\/wp-json\/wp\/v2\/media?parent=3"}],"curies":[{"name":"wp","href":"https:\/\/api.w.org\/{rel}","templated":true}]}}